{"id":231,"date":"2022-03-14T00:38:08","date_gmt":"2022-03-14T00:38:08","guid":{"rendered":"http:\/\/bighearts.wgl-demo.net\/?page_id=231"},"modified":"2022-03-25T15:12:31","modified_gmt":"2022-03-25T15:12:31","slug":"missao","status":"publish","type":"page","link":"https:\/\/upsaobento.pt\/espinhosela\/missao\/","title":{"rendered":"Miss\u00e3o"},"content":{"rendered":"\t\t<div data-elementor-type=\"wp-page\" data-elementor-id=\"231\" class=\"elementor elementor-231\">\n\t\t\t\t\t\t\t\t\t<section class=\"elementor-section elementor-top-section elementor-element elementor-element-4b9b857 elementor-section-boxed elementor-section-height-default elementor-section-height-default\" data-id=\"4b9b857\" data-element_type=\"section\">\n\t\t\t\t\t\t<div class=\"elementor-container elementor-column-gap-default\">\n\t\t\t\t\t<div class=\"elementor-column elementor-col-50 elementor-top-column elementor-element elementor-element-907620d\" data-id=\"907620d\" data-element_type=\"column\">\n\t\t\t<div class=\"elementor-widget-wrap elementor-element-populated\">\n\t\t\t\t\t\t\t\t<div class=\"elementor-element elementor-element-4b3d9f9 aleft elementor-widget-image-box wgl-image-box elementor-widget elementor-widget-wgl-info-box\" data-id=\"4b3d9f9\" data-element_type=\"widget\" data-widget_type=\"wgl-info-box.default\">\n\t\t\t\t<div class=\"elementor-widget-container\">\n\t\t\t<div class=\"wgl-infobox\"><div class=\"wgl-infobox_wrapper wgl-layout-left\"><div class=\"media-wrapper img-wrapper\"><figure class=\"wgl-image-box_img\"><span ><img width=\"64\" height=\"64\" src=\"https:\/\/upsaobento.pt\/espinhosela\/wp-content\/uploads\/sites\/2\/2022\/03\/target.png\" class=\"attachment-full size-full\" alt=\"\" loading=\"lazy\" \/><\/span><\/figure><\/div><div class=\"content_wrapper\"><div class=\"wgl-infobox-title_wrapper\"><h3 class=\"wgl-infobox_title\"><span class=\"wgl-infobox_title-idle\">Miss\u00e3o<\/span><\/h3><\/div><div class=\"wgl-infobox_content\"><p>Servir idoso, apoiar a vida com qualidade e bem-estar.<\/p><\/div><\/div><\/div><\/div>\t\t<\/div>\n\t\t\t\t<\/div>\n\t\t\t\t<div class=\"elementor-element elementor-element-548dcf6 aleft elementor-widget-image-box wgl-image-box elementor-widget elementor-widget-wgl-info-box\" data-id=\"548dcf6\" data-element_type=\"widget\" data-widget_type=\"wgl-info-box.default\">\n\t\t\t\t<div class=\"elementor-widget-container\">\n\t\t\t<div class=\"wgl-infobox\"><div class=\"wgl-infobox_wrapper wgl-layout-left\"><div class=\"media-wrapper img-wrapper\"><figure class=\"wgl-image-box_img\"><span ><img width=\"64\" height=\"64\" src=\"https:\/\/upsaobento.pt\/espinhosela\/wp-content\/uploads\/sites\/2\/2022\/03\/vision.png\" class=\"attachment-full size-full\" alt=\"\" loading=\"lazy\" \/><\/span><\/figure><\/div><div class=\"content_wrapper\"><div class=\"wgl-infobox-title_wrapper\"><h3 class=\"wgl-infobox_title\"><span class=\"wgl-infobox_title-idle\">Vis\u00e3o<\/span><\/h3><\/div><div class=\"wgl-infobox_content\"><p>O Centro Social Paroquial e Santo Est\u00eav\u00e3o de Espinhosela assenta a sua interven\u00e7\u00e3o na matriz e valores crist\u00e3os promovendo o esp\u00edrito de solidariedade dentro de um plano de a\u00e7\u00e3o social e caritativa, implementando o sentido de equidade e justi\u00e7a no respeito pelo outro, nomeadamente a pessoa mais idosa e fragilizada.<\/p><\/div><\/div><\/div><\/div>\t\t<\/div>\n\t\t\t\t<\/div>\n\t\t\t\t<div class=\"elementor-element elementor-element-be77fc4 aleft elementor-widget-image-box wgl-image-box elementor-widget elementor-widget-wgl-info-box\" data-id=\"be77fc4\" data-element_type=\"widget\" data-widget_type=\"wgl-info-box.default\">\n\t\t\t\t<div class=\"elementor-widget-container\">\n\t\t\t<div class=\"wgl-infobox\"><div class=\"wgl-infobox_wrapper wgl-layout-left\"><div class=\"media-wrapper img-wrapper\"><figure class=\"wgl-image-box_img\"><span ><img width=\"64\" height=\"64\" src=\"https:\/\/upsaobento.pt\/espinhosela\/wp-content\/uploads\/sites\/2\/2022\/03\/values.png\" class=\"attachment-full size-full\" alt=\"\" loading=\"lazy\" \/><\/span><\/figure><\/div><div class=\"content_wrapper\"><div class=\"wgl-infobox-title_wrapper\"><h3 class=\"wgl-infobox_title\"><span class=\"wgl-infobox_title-idle\">Valores<\/span><\/h3><\/div><div class=\"wgl-infobox_content\"><p>Tornar-se uma refer\u00eancia de qualidade no cuidado \u00e0 pessoa idosa e \u00e0 pessoa idosa demente satisfazendo as suas necessidades e melhorando a sua qualidade e condi\u00e7\u00f5es de vida criando respostas e solu\u00e7\u00f5es hol\u00edsticas para os problemas.<\/p><p>Desta forma, a vis\u00e3o da Institui\u00e7\u00e3o assenta nos seguintes pressupostos:<\/p><ul><li>Afian\u00e7ar uma interven\u00e7\u00e3o eficaz e eficiente com uma equipa multidisciplinar qualificada;<\/li><li>Implementar o Sistema de Gest\u00e3o da Qualidade;<\/li><li>Alargar as respostas sociais mediante as necessidades da popula\u00e7\u00e3o-alvo.<\/li><\/ul><\/div><\/div><\/div><\/div>\t\t<\/div>\n\t\t\t\t<\/div>\n\t\t\t\t\t<\/div>\n\t\t<\/div>\n\t\t\t\t<div class=\"elementor-column elementor-col-50 elementor-top-column elementor-element elementor-element-6050e61\" data-id=\"6050e61\" data-element_type=\"column\" data-settings=\"{&quot;background_background&quot;:&quot;classic&quot;}\">\n\t\t\t<div class=\"elementor-widget-wrap elementor-element-populated\">\n\t\t\t\t\t\t\t\t<div class=\"elementor-element elementor-element-2a0886b elementor-widget elementor-widget-spacer\" data-id=\"2a0886b\" data-element_type=\"widget\" data-widget_type=\"spacer.default\">\n\t\t\t\t<div class=\"elementor-widget-container\">\n\t\t\t<style>\/*! elementor - v3.7.8 - 02-10-2022 *\/\n.elementor-column .elementor-spacer-inner{height:var(--spacer-size)}.e-container{--container-widget-width:100%}.e-container>.elementor-widget-spacer{width:var(--container-widget-width,var(--spacer-size));-ms-flex-item-align:stretch;align-self:stretch;-ms-flex-negative:0;flex-shrink:0}.e-container>.elementor-widget-spacer>.elementor-widget-container,.e-container>.elementor-widget-spacer>.elementor-widget-container>.elementor-spacer{height:100%}.e-container>.elementor-widget-spacer>.elementor-widget-container>.elementor-spacer>.elementor-spacer-inner{height:var(--container-widget-height,var(--spacer-size))}<\/style>\t\t<div class=\"elementor-spacer\">\n\t\t\t<div class=\"elementor-spacer-inner\"><\/div>\n\t\t<\/div>\n\t\t\t\t<\/div>\n\t\t\t\t<\/div>\n\t\t\t\t<div class=\"elementor-element elementor-element-6501df0 elementor-widget elementor-widget-spacer\" data-id=\"6501df0\" data-element_type=\"widget\" data-widget_type=\"spacer.default\">\n\t\t\t\t<div class=\"elementor-widget-container\">\n\t\t\t\t\t<div class=\"elementor-spacer\">\n\t\t\t<div class=\"elementor-spacer-inner\"><\/div>\n\t\t<\/div>\n\t\t\t\t<\/div>\n\t\t\t\t<\/div>\n\t\t\t\t\t<\/div>\n\t\t<\/div>\n\t\t\t\t\t\t\t<\/div>\n\t\t<\/section>\n\t\t\t\t<section class=\"elementor-section elementor-top-section elementor-element elementor-element-9097f12 elementor-section-boxed elementor-section-height-default elementor-section-height-default\" data-id=\"9097f12\" data-element_type=\"section\">\n\t\t\t\t\t\t<div class=\"elementor-container elementor-column-gap-default\">\n\t\t\t\t\t<div class=\"elementor-column elementor-col-100 elementor-top-column elementor-element elementor-element-3400e6d\" data-id=\"3400e6d\" data-element_type=\"column\">\n\t\t\t<div class=\"elementor-widget-wrap elementor-element-populated\">\n\t\t\t\t\t\t\t\t<div class=\"elementor-element elementor-element-b7f13fa elementor-widget elementor-widget-spacer\" data-id=\"b7f13fa\" data-element_type=\"widget\" data-widget_type=\"spacer.default\">\n\t\t\t\t<div class=\"elementor-widget-container\">\n\t\t\t\t\t<div class=\"elementor-spacer\">\n\t\t\t<div class=\"elementor-spacer-inner\"><\/div>\n\t\t<\/div>\n\t\t\t\t<\/div>\n\t\t\t\t<\/div>\n\t\t\t\t\t<\/div>\n\t\t<\/div>\n\t\t\t\t\t\t\t<\/div>\n\t\t<\/section>\n\t\t\t\t\t\t\t<\/div>\n\t\t","protected":false},"excerpt":{"rendered":"<p>Miss\u00e3o Servir idoso, apoiar a vida com qualidade e bem-estar. Vis\u00e3o O Centro Social Paroquial e Santo Est\u00eav\u00e3o de Espinhosela assenta a sua interven\u00e7\u00e3o na matriz e valores crist\u00e3os promovendo o esp\u00edrito de solidariedade dentro de um plano de a\u00e7\u00e3o social e caritativa, implementando o sentido de equidade e justi\u00e7a no respeito pelo outro, nomeadamente [&hellip;]<\/p>\n","protected":false},"author":2,"featured_media":0,"parent":0,"menu_order":0,"comment_status":"closed","ping_status":"closed","template":"","meta":[],"_links":{"self":[{"href":"https:\/\/upsaobento.pt\/espinhosela\/wp-json\/wp\/v2\/pages\/231"}],"collection":[{"href":"https:\/\/upsaobento.pt\/espinhosela\/wp-json\/wp\/v2\/pages"}],"about":[{"href":"https:\/\/upsaobento.pt\/espinhosela\/wp-json\/wp\/v2\/types\/page"}],"author":[{"embeddable":true,"href":"https:\/\/upsaobento.pt\/espinhosela\/wp-json\/wp\/v2\/users\/2"}],"replies":[{"embeddable":true,"href":"https:\/\/upsaobento.pt\/espinhosela\/wp-json\/wp\/v2\/comments?post=231"}],"version-history":[{"count":29,"href":"https:\/\/upsaobento.pt\/espinhosela\/wp-json\/wp\/v2\/pages\/231\/revisions"}],"predecessor-version":[{"id":6908,"href":"https:\/\/upsaobento.pt\/espinhosela\/wp-json\/wp\/v2\/pages\/231\/revisions\/6908"}],"wp:attachment":[{"href":"https:\/\/upsaobento.pt\/espinhosela\/wp-json\/wp\/v2\/media?parent=231"}],"curies":[{"name":"wp","href":"https:\/\/api.w.org\/{rel}","templated":true}]}}