{"id":6651,"date":"2022-03-14T12:07:48","date_gmt":"2022-03-14T12:07:48","guid":{"rendered":"https:\/\/upsaobento.pt\/csprossas\/?page_id=6651"},"modified":"2022-03-22T11:10:30","modified_gmt":"2022-03-22T11:10:30","slug":"plano-de-atividades","status":"publish","type":"page","link":"https:\/\/upsaobento.pt\/csprossas\/plano-de-atividades\/","title":{"rendered":"Plano de Atividades"},"content":{"rendered":"\t\t<div data-elementor-type=\"wp-page\" data-elementor-id=\"6651\" class=\"elementor elementor-6651\">\n\t\t\t\t\t\t\t\t\t<section class=\"elementor-section elementor-top-section elementor-element elementor-element-04f3b73 elementor-section-boxed elementor-section-height-default elementor-section-height-default\" data-id=\"04f3b73\" data-element_type=\"section\">\n\t\t\t\t\t\t<div class=\"elementor-container elementor-column-gap-default\">\n\t\t\t\t\t<div class=\"elementor-column elementor-col-100 elementor-top-column elementor-element elementor-element-f6ced66\" data-id=\"f6ced66\" data-element_type=\"column\">\n\t\t\t<div class=\"elementor-widget-wrap elementor-element-populated\">\n\t\t\t\t\t\t\t\t<div class=\"elementor-element elementor-element-39405d9 elementor-widget elementor-widget-spacer\" data-id=\"39405d9\" data-element_type=\"widget\" data-widget_type=\"spacer.default\">\n\t\t\t\t<div class=\"elementor-widget-container\">\n\t\t\t<style>\/*! elementor - v3.7.8 - 02-10-2022 *\/\n.elementor-column .elementor-spacer-inner{height:var(--spacer-size)}.e-container{--container-widget-width:100%}.e-container>.elementor-widget-spacer{width:var(--container-widget-width,var(--spacer-size));-ms-flex-item-align:stretch;align-self:stretch;-ms-flex-negative:0;flex-shrink:0}.e-container>.elementor-widget-spacer>.elementor-widget-container,.e-container>.elementor-widget-spacer>.elementor-widget-container>.elementor-spacer{height:100%}.e-container>.elementor-widget-spacer>.elementor-widget-container>.elementor-spacer>.elementor-spacer-inner{height:var(--container-widget-height,var(--spacer-size))}<\/style>\t\t<div class=\"elementor-spacer\">\n\t\t\t<div class=\"elementor-spacer-inner\"><\/div>\n\t\t<\/div>\n\t\t\t\t<\/div>\n\t\t\t\t<\/div>\n\t\t\t\t\t<\/div>\n\t\t<\/div>\n\t\t\t\t\t\t\t<\/div>\n\t\t<\/section>\n\t\t\t\t<section class=\"elementor-section elementor-top-section elementor-element elementor-element-32ba15f elementor-section-boxed elementor-section-height-default elementor-section-height-default\" data-id=\"32ba15f\" data-element_type=\"section\">\n\t\t\t\t\t\t<div class=\"elementor-container elementor-column-gap-default\">\n\t\t\t\t\t<div class=\"elementor-column elementor-col-50 elementor-top-column elementor-element elementor-element-2b3c144\" data-id=\"2b3c144\" data-element_type=\"column\">\n\t\t\t<div class=\"elementor-widget-wrap elementor-element-populated\">\n\t\t\t\t\t\t\t\t<div class=\"elementor-element elementor-element-3a48cc9 elementor-widget__width-initial aleft elementor-widget elementor-widget-wgl-double-headings\" data-id=\"3a48cc9\" data-element_type=\"widget\" data-widget_type=\"wgl-double-headings.default\">\n\t\t\t\t<div class=\"elementor-widget-container\">\n\t\t\t        <div class=\"wgl-double_heading\">                <div class=\"dbl__subtitle\"><span>Centro Social Paroquial Santa Comba de Rossas<\/span>                <\/div><h5 class=\"dbl__title-wrapper\"><span class=\"dbl__title dbl-title_1\">Atividades e\/ou projetos realizados ou a realizar<\/span><\/h5>        <\/div>\t\t<\/div>\n\t\t\t\t<\/div>\n\t\t\t\t<div class=\"elementor-element elementor-element-3fbd443 elementor-widget elementor-widget-text-editor\" data-id=\"3fbd443\" data-element_type=\"widget\" data-widget_type=\"text-editor.default\">\n\t\t\t\t<div class=\"elementor-widget-container\">\n\t\t\t<style>\/*! elementor - v3.7.8 - 02-10-2022 *\/\n.elementor-widget-text-editor.elementor-drop-cap-view-stacked .elementor-drop-cap{background-color:#818a91;color:#fff}.elementor-widget-text-editor.elementor-drop-cap-view-framed .elementor-drop-cap{color:#818a91;border:3px solid;background-color:transparent}.elementor-widget-text-editor:not(.elementor-drop-cap-view-default) .elementor-drop-cap{margin-top:8px}.elementor-widget-text-editor:not(.elementor-drop-cap-view-default) .elementor-drop-cap-letter{width:1em;height:1em}.elementor-widget-text-editor .elementor-drop-cap{float:left;text-align:center;line-height:1;font-size:50px}.elementor-widget-text-editor .elementor-drop-cap-letter{display:inline-block}<\/style>\t\t\t\t<p>Desenvolvemos atividades mediante as necessidades dos utentes com vista a contribuir para a estimula\u00e7\u00e3o de um processo de envelhecimento ativo atrav\u00e9s da pr\u00e1tica de jogos did\u00e1cticos, atividades partilhadas de express\u00e3o pl\u00e1stica, din\u00e2micas de grupo, culin\u00e1ria; visitas a lugares de onde s\u00e3o oriundos os utentes e outros lugares como santu\u00e1rios, museus, feiras, festas, \u2026; promovemos encontros intergeracionais em colabora\u00e7\u00e3o com a Escola e Jardim de Inf\u00e2ncia de Santa Comba de Rossas, proporcionamos actividades de envolvimento das fam\u00edlias para preservar e incentivar a rela\u00e7\u00e3o intrafamiliar.<\/p><p>Semanalmente deslocamos os utentes de Servi\u00e7o Apoio Domicili\u00e1rio para a institui\u00e7\u00e3o onde lhe \u00e9 proporcionado um dia de atividades e o interc\u00e2mbio com os utentes residentes em Lar. Estes encontros tornam-se ainda uma mais-valia pois estimulam a participa\u00e7\u00e3o dos utentes residentes que na sua maioria s\u00e3o mais dependentes.<\/p>\t\t\t\t\t\t<\/div>\n\t\t\t\t<\/div>\n\t\t\t\t<div class=\"elementor-element elementor-element-0daef37 elementor-widget elementor-widget-spacer\" data-id=\"0daef37\" data-element_type=\"widget\" data-widget_type=\"spacer.default\">\n\t\t\t\t<div class=\"elementor-widget-container\">\n\t\t\t\t\t<div class=\"elementor-spacer\">\n\t\t\t<div class=\"elementor-spacer-inner\"><\/div>\n\t\t<\/div>\n\t\t\t\t<\/div>\n\t\t\t\t<\/div>\n\t\t\t\t<div class=\"elementor-element elementor-element-29b4031 elementor-widget__width-initial elementor-widget elementor-widget-wgl-button\" data-id=\"29b4031\" data-element_type=\"widget\" data-widget_type=\"wgl-button.default\">\n\t\t\t\t<div class=\"elementor-widget-container\">\n\t\t\t<div class=\"button-wrapper\"><a  class=\"wgl-button btn-size-lg \" role=\"button\" href=\"https:\/\/upsaobento.pt\/csprossas\/wp-content\/uploads\/sites\/14\/2022\/03\/Plano-Mensal-Marco-2022-.pdf-Rossas.pdf\" target=\"_blank\"><div class=\"button-content-wrapper \"><span class=\"wgl-button-text\">Plano Mensal Mar\u00e7o 2022<\/span><\/div><\/a><\/div>\t\t<\/div>\n\t\t\t\t<\/div>\n\t\t\t\t<div class=\"elementor-element elementor-element-3ad9227 elementor-widget__width-initial elementor-widget-icon-box wgl-icon-box elementor-widget elementor-widget-wgl-button\" data-id=\"3ad9227\" data-element_type=\"widget\" data-widget_type=\"wgl-button.default\">\n\t\t\t\t<div class=\"elementor-widget-container\">\n\t\t\t<div class=\"button-wrapper\"><a  class=\"wgl-button btn-size-md \" role=\"button\" href=\"https:\/\/upsaobento.pt\/csprossas\/wp-content\/uploads\/sites\/14\/2022\/03\/PADPS-2022.pdf-Rossas-1.pdf\" target=\"_blank\"><div class=\"button-content-wrapper align-icon-right\"><div class=\"media-wrapper icon-wrapper\"><span class=\"wgl-icon\" ><i class=\"icon elementor-icon flaticon flaticon-right-arrow\" aria-hidden=\"true\"><\/i><\/span><\/div><span class=\"wgl-button-text\">plano de atividades 2022<\/span><\/div><\/a><\/div>\t\t<\/div>\n\t\t\t\t<\/div>\n\t\t\t\t\t<\/div>\n\t\t<\/div>\n\t\t\t\t<div class=\"elementor-column elementor-col-50 elementor-top-column elementor-element elementor-element-e4804db\" data-id=\"e4804db\" data-element_type=\"column\" data-settings=\"{&quot;background_background&quot;:&quot;classic&quot;}\">\n\t\t\t<div class=\"elementor-widget-wrap elementor-element-populated\">\n\t\t\t\t\t\t\t\t<div class=\"elementor-element elementor-element-8b847cf elementor-widget elementor-widget-spacer\" data-id=\"8b847cf\" data-element_type=\"widget\" data-widget_type=\"spacer.default\">\n\t\t\t\t<div class=\"elementor-widget-container\">\n\t\t\t\t\t<div class=\"elementor-spacer\">\n\t\t\t<div class=\"elementor-spacer-inner\"><\/div>\n\t\t<\/div>\n\t\t\t\t<\/div>\n\t\t\t\t<\/div>\n\t\t\t\t<div class=\"elementor-element elementor-element-cb657d5 elementor-widget elementor-widget-spacer\" data-id=\"cb657d5\" data-element_type=\"widget\" data-widget_type=\"spacer.default\">\n\t\t\t\t<div class=\"elementor-widget-container\">\n\t\t\t\t\t<div class=\"elementor-spacer\">\n\t\t\t<div class=\"elementor-spacer-inner\"><\/div>\n\t\t<\/div>\n\t\t\t\t<\/div>\n\t\t\t\t<\/div>\n\t\t\t\t\t<\/div>\n\t\t<\/div>\n\t\t\t\t\t\t\t<\/div>\n\t\t<\/section>\n\t\t\t\t<section class=\"elementor-section elementor-top-section elementor-element elementor-element-756817e elementor-section-boxed elementor-section-height-default elementor-section-height-default\" data-id=\"756817e\" data-element_type=\"section\">\n\t\t\t\t\t\t<div class=\"elementor-container elementor-column-gap-default\">\n\t\t\t\t\t<div class=\"elementor-column elementor-col-100 elementor-top-column elementor-element elementor-element-66c7b09\" data-id=\"66c7b09\" data-element_type=\"column\">\n\t\t\t<div class=\"elementor-widget-wrap elementor-element-populated\">\n\t\t\t\t\t\t\t\t<div class=\"elementor-element elementor-element-9faa8cb elementor-widget elementor-widget-spacer\" data-id=\"9faa8cb\" data-element_type=\"widget\" data-widget_type=\"spacer.default\">\n\t\t\t\t<div class=\"elementor-widget-container\">\n\t\t\t\t\t<div class=\"elementor-spacer\">\n\t\t\t<div class=\"elementor-spacer-inner\"><\/div>\n\t\t<\/div>\n\t\t\t\t<\/div>\n\t\t\t\t<\/div>\n\t\t\t\t\t<\/div>\n\t\t<\/div>\n\t\t\t\t\t\t\t<\/div>\n\t\t<\/section>\n\t\t\t\t<section class=\"elementor-section elementor-top-section elementor-element elementor-element-1ef1584 elementor-section-boxed elementor-section-height-default elementor-section-height-default\" data-id=\"1ef1584\" data-element_type=\"section\">\n\t\t\t\t\t\t<div class=\"elementor-container elementor-column-gap-default\">\n\t\t\t\t\t<div class=\"elementor-column elementor-col-100 elementor-top-column elementor-element elementor-element-58097db\" data-id=\"58097db\" data-element_type=\"column\">\n\t\t\t<div class=\"elementor-widget-wrap elementor-element-populated\">\n\t\t\t\t\t\t\t\t<div class=\"elementor-element elementor-element-ab71f15 col-3 col-tablet-2 col-mobile-1 elementor-widget elementor-widget-wgl-gallery\" data-id=\"ab71f15\" data-element_type=\"widget\" data-widget_type=\"wgl-gallery.default\">\n\t\t\t\t<div class=\"elementor-widget-container\">\n\t\t\t<div class=\"wgl-gallery\"><div class=\"wgl-gallery_items gallery-masonry\"><div class=\"wgl-gallery_item-wrapper\"><a class=\"wgl-gallery_item\" data-elementor-open-lightbox=\"yes\" data-elementor-lightbox-slideshow=\"all-ab71f15\" data-elementor-lightbox-title=\"275106841_699431804401091_1076871733249043786_n\" e-action-hash=\"#elementor-action%3Aaction%3Dlightbox%26settings%3DeyJpZCI6NjkyNiwidXJsIjoiaHR0cHM6XC9cL3Vwc2FvYmVudG8ucHRcL2NzcHJvc3Nhc1wvd3AtY29udGVudFwvdXBsb2Fkc1wvc2l0ZXNcLzE0XC8yMDIyXC8wM1wvMjc1MTA2ODQxXzY5OTQzMTgwNDQwMTA5MV8xMDc2ODcxNzMzMjQ5MDQzNzg2X24uanBnIiwic2xpZGVzaG93IjoiYWxsLWFiNzFmMTUifQ%3D%3D\" href=\"https:\/\/upsaobento.pt\/csprossas\/wp-content\/uploads\/sites\/14\/2022\/03\/275106841_699431804401091_1076871733249043786_n.jpg\"><img class=\"wgl-gallery_image\" src=\"https:\/\/upsaobento.pt\/csprossas\/wp-content\/uploads\/sites\/14\/2022\/03\/275106841_699431804401091_1076871733249043786_n.jpg\" alt=\"\"><\/a><\/div><div class=\"wgl-gallery_item-wrapper\"><a class=\"wgl-gallery_item\" data-elementor-open-lightbox=\"yes\" data-elementor-lightbox-slideshow=\"all-ab71f15\" data-elementor-lightbox-title=\"274981826_433643771851252_2986857088488299439_n\" e-action-hash=\"#elementor-action%3Aaction%3Dlightbox%26settings%3DeyJpZCI6NjkyNSwidXJsIjoiaHR0cHM6XC9cL3Vwc2FvYmVudG8ucHRcL2NzcHJvc3Nhc1wvd3AtY29udGVudFwvdXBsb2Fkc1wvc2l0ZXNcLzE0XC8yMDIyXC8wM1wvMjc0OTgxODI2XzQzMzY0Mzc3MTg1MTI1Ml8yOTg2ODU3MDg4NDg4Mjk5NDM5X24uanBnIiwic2xpZGVzaG93IjoiYWxsLWFiNzFmMTUifQ%3D%3D\" href=\"https:\/\/upsaobento.pt\/csprossas\/wp-content\/uploads\/sites\/14\/2022\/03\/274981826_433643771851252_2986857088488299439_n.jpg\"><img class=\"wgl-gallery_image\" src=\"https:\/\/upsaobento.pt\/csprossas\/wp-content\/uploads\/sites\/14\/2022\/03\/274981826_433643771851252_2986857088488299439_n.jpg\" alt=\"\"><\/a><\/div><div class=\"wgl-gallery_item-wrapper\"><a class=\"wgl-gallery_item\" data-elementor-open-lightbox=\"yes\" data-elementor-lightbox-slideshow=\"all-ab71f15\" data-elementor-lightbox-title=\"274973765_2012471535578920_8919010607930317993_n\" e-action-hash=\"#elementor-action%3Aaction%3Dlightbox%26settings%3DeyJpZCI6NjkyNCwidXJsIjoiaHR0cHM6XC9cL3Vwc2FvYmVudG8ucHRcL2NzcHJvc3Nhc1wvd3AtY29udGVudFwvdXBsb2Fkc1wvc2l0ZXNcLzE0XC8yMDIyXC8wM1wvMjc0OTczNzY1XzIwMTI0NzE1MzU1Nzg5MjBfODkxOTAxMDYwNzkzMDMxNzk5M19uLmpwZyIsInNsaWRlc2hvdyI6ImFsbC1hYjcxZjE1In0%3D\" href=\"https:\/\/upsaobento.pt\/csprossas\/wp-content\/uploads\/sites\/14\/2022\/03\/274973765_2012471535578920_8919010607930317993_n.jpg\"><img class=\"wgl-gallery_image\" src=\"https:\/\/upsaobento.pt\/csprossas\/wp-content\/uploads\/sites\/14\/2022\/03\/274973765_2012471535578920_8919010607930317993_n.jpg\" alt=\"\"><\/a><\/div><div class=\"wgl-gallery_item-wrapper\"><a class=\"wgl-gallery_item\" data-elementor-open-lightbox=\"yes\" data-elementor-lightbox-slideshow=\"all-ab71f15\" data-elementor-lightbox-title=\"274970514_550229822782301_3674836024809300579_n\" e-action-hash=\"#elementor-action%3Aaction%3Dlightbox%26settings%3DeyJpZCI6NjkyMywidXJsIjoiaHR0cHM6XC9cL3Vwc2FvYmVudG8ucHRcL2NzcHJvc3Nhc1wvd3AtY29udGVudFwvdXBsb2Fkc1wvc2l0ZXNcLzE0XC8yMDIyXC8wM1wvMjc0OTcwNTE0XzU1MDIyOTgyMjc4MjMwMV8zNjc0ODM2MDI0ODA5MzAwNTc5X24uanBnIiwic2xpZGVzaG93IjoiYWxsLWFiNzFmMTUifQ%3D%3D\" href=\"https:\/\/upsaobento.pt\/csprossas\/wp-content\/uploads\/sites\/14\/2022\/03\/274970514_550229822782301_3674836024809300579_n.jpg\"><img class=\"wgl-gallery_image\" src=\"https:\/\/upsaobento.pt\/csprossas\/wp-content\/uploads\/sites\/14\/2022\/03\/274970514_550229822782301_3674836024809300579_n.jpg\" alt=\"\"><\/a><\/div><div class=\"wgl-gallery_item-wrapper\"><a class=\"wgl-gallery_item\" data-elementor-open-lightbox=\"yes\" data-elementor-lightbox-slideshow=\"all-ab71f15\" data-elementor-lightbox-title=\"274860166_496049195421052_8868218870741440080_n\" e-action-hash=\"#elementor-action%3Aaction%3Dlightbox%26settings%3DeyJpZCI6NjkyMiwidXJsIjoiaHR0cHM6XC9cL3Vwc2FvYmVudG8ucHRcL2NzcHJvc3Nhc1wvd3AtY29udGVudFwvdXBsb2Fkc1wvc2l0ZXNcLzE0XC8yMDIyXC8wM1wvMjc0ODYwMTY2XzQ5NjA0OTE5NTQyMTA1Ml84ODY4MjE4ODcwNzQxNDQwMDgwX24uanBnIiwic2xpZGVzaG93IjoiYWxsLWFiNzFmMTUifQ%3D%3D\" href=\"https:\/\/upsaobento.pt\/csprossas\/wp-content\/uploads\/sites\/14\/2022\/03\/274860166_496049195421052_8868218870741440080_n.jpg\"><img class=\"wgl-gallery_image\" src=\"https:\/\/upsaobento.pt\/csprossas\/wp-content\/uploads\/sites\/14\/2022\/03\/274860166_496049195421052_8868218870741440080_n.jpg\" alt=\"\"><\/a><\/div><div class=\"wgl-gallery_item-wrapper\"><a class=\"wgl-gallery_item\" data-elementor-open-lightbox=\"yes\" data-elementor-lightbox-slideshow=\"all-ab71f15\" data-elementor-lightbox-title=\"274856742_1297005954137491_5058350760655777536_n\" e-action-hash=\"#elementor-action%3Aaction%3Dlightbox%26settings%3DeyJpZCI6NjkyMSwidXJsIjoiaHR0cHM6XC9cL3Vwc2FvYmVudG8ucHRcL2NzcHJvc3Nhc1wvd3AtY29udGVudFwvdXBsb2Fkc1wvc2l0ZXNcLzE0XC8yMDIyXC8wM1wvMjc0ODU2NzQyXzEyOTcwMDU5NTQxMzc0OTFfNTA1ODM1MDc2MDY1NTc3NzUzNl9uLmpwZyIsInNsaWRlc2hvdyI6ImFsbC1hYjcxZjE1In0%3D\" href=\"https:\/\/upsaobento.pt\/csprossas\/wp-content\/uploads\/sites\/14\/2022\/03\/274856742_1297005954137491_5058350760655777536_n.jpg\"><img class=\"wgl-gallery_image\" src=\"https:\/\/upsaobento.pt\/csprossas\/wp-content\/uploads\/sites\/14\/2022\/03\/274856742_1297005954137491_5058350760655777536_n.jpg\" alt=\"\"><\/a><\/div><div class=\"wgl-gallery_item-wrapper\"><a class=\"wgl-gallery_item\" data-elementor-open-lightbox=\"yes\" data-elementor-lightbox-slideshow=\"all-ab71f15\" data-elementor-lightbox-title=\"274851188_985213472413943_4147585914672666494_n\" e-action-hash=\"#elementor-action%3Aaction%3Dlightbox%26settings%3DeyJpZCI6NjkyMCwidXJsIjoiaHR0cHM6XC9cL3Vwc2FvYmVudG8ucHRcL2NzcHJvc3Nhc1wvd3AtY29udGVudFwvdXBsb2Fkc1wvc2l0ZXNcLzE0XC8yMDIyXC8wM1wvMjc0ODUxMTg4Xzk4NTIxMzQ3MjQxMzk0M180MTQ3NTg1OTE0NjcyNjY2NDk0X24uanBnIiwic2xpZGVzaG93IjoiYWxsLWFiNzFmMTUifQ%3D%3D\" href=\"https:\/\/upsaobento.pt\/csprossas\/wp-content\/uploads\/sites\/14\/2022\/03\/274851188_985213472413943_4147585914672666494_n.jpg\"><img class=\"wgl-gallery_image\" src=\"https:\/\/upsaobento.pt\/csprossas\/wp-content\/uploads\/sites\/14\/2022\/03\/274851188_985213472413943_4147585914672666494_n.jpg\" alt=\"\"><\/a><\/div><div class=\"wgl-gallery_item-wrapper\"><a class=\"wgl-gallery_item\" data-elementor-open-lightbox=\"yes\" data-elementor-lightbox-slideshow=\"all-ab71f15\" data-elementor-lightbox-title=\"274843827_2284024348406809_2916811106127276814_n\" e-action-hash=\"#elementor-action%3Aaction%3Dlightbox%26settings%3DeyJpZCI6NjkxOSwidXJsIjoiaHR0cHM6XC9cL3Vwc2FvYmVudG8ucHRcL2NzcHJvc3Nhc1wvd3AtY29udGVudFwvdXBsb2Fkc1wvc2l0ZXNcLzE0XC8yMDIyXC8wM1wvMjc0ODQzODI3XzIyODQwMjQzNDg0MDY4MDlfMjkxNjgxMTEwNjEyNzI3NjgxNF9uLmpwZyIsInNsaWRlc2hvdyI6ImFsbC1hYjcxZjE1In0%3D\" href=\"https:\/\/upsaobento.pt\/csprossas\/wp-content\/uploads\/sites\/14\/2022\/03\/274843827_2284024348406809_2916811106127276814_n.jpg\"><img class=\"wgl-gallery_image\" src=\"https:\/\/upsaobento.pt\/csprossas\/wp-content\/uploads\/sites\/14\/2022\/03\/274843827_2284024348406809_2916811106127276814_n.jpg\" alt=\"\"><\/a><\/div><div class=\"wgl-gallery_item-wrapper\"><a class=\"wgl-gallery_item\" data-elementor-open-lightbox=\"yes\" data-elementor-lightbox-slideshow=\"all-ab71f15\" data-elementor-lightbox-title=\"274834887_966165624286678_1097165260547014853_n\" e-action-hash=\"#elementor-action%3Aaction%3Dlightbox%26settings%3DeyJpZCI6NjkxOCwidXJsIjoiaHR0cHM6XC9cL3Vwc2FvYmVudG8ucHRcL2NzcHJvc3Nhc1wvd3AtY29udGVudFwvdXBsb2Fkc1wvc2l0ZXNcLzE0XC8yMDIyXC8wM1wvMjc0ODM0ODg3Xzk2NjE2NTYyNDI4NjY3OF8xMDk3MTY1MjYwNTQ3MDE0ODUzX24uanBnIiwic2xpZGVzaG93IjoiYWxsLWFiNzFmMTUifQ%3D%3D\" href=\"https:\/\/upsaobento.pt\/csprossas\/wp-content\/uploads\/sites\/14\/2022\/03\/274834887_966165624286678_1097165260547014853_n.jpg\"><img class=\"wgl-gallery_image\" src=\"https:\/\/upsaobento.pt\/csprossas\/wp-content\/uploads\/sites\/14\/2022\/03\/274834887_966165624286678_1097165260547014853_n.jpg\" alt=\"\"><\/a><\/div><div class=\"wgl-gallery_item-wrapper\"><a class=\"wgl-gallery_item\" data-elementor-open-lightbox=\"yes\" data-elementor-lightbox-slideshow=\"all-ab71f15\" data-elementor-lightbox-title=\"274763940_336572814916551_855178033932274574_n\" e-action-hash=\"#elementor-action%3Aaction%3Dlightbox%26settings%3DeyJpZCI6NjkxNywidXJsIjoiaHR0cHM6XC9cL3Vwc2FvYmVudG8ucHRcL2NzcHJvc3Nhc1wvd3AtY29udGVudFwvdXBsb2Fkc1wvc2l0ZXNcLzE0XC8yMDIyXC8wM1wvMjc0NzYzOTQwXzMzNjU3MjgxNDkxNjU1MV84NTUxNzgwMzM5MzIyNzQ1NzRfbi5qcGciLCJzbGlkZXNob3ciOiJhbGwtYWI3MWYxNSJ9\" href=\"https:\/\/upsaobento.pt\/csprossas\/wp-content\/uploads\/sites\/14\/2022\/03\/274763940_336572814916551_855178033932274574_n.jpg\"><img class=\"wgl-gallery_image\" src=\"https:\/\/upsaobento.pt\/csprossas\/wp-content\/uploads\/sites\/14\/2022\/03\/274763940_336572814916551_855178033932274574_n.jpg\" alt=\"\"><\/a><\/div><div class=\"wgl-gallery_item-wrapper\"><a class=\"wgl-gallery_item\" data-elementor-open-lightbox=\"yes\" data-elementor-lightbox-slideshow=\"all-ab71f15\" data-elementor-lightbox-title=\"274718962_412309520654087_321499828399057229_n\" e-action-hash=\"#elementor-action%3Aaction%3Dlightbox%26settings%3DeyJpZCI6NjkxNiwidXJsIjoiaHR0cHM6XC9cL3Vwc2FvYmVudG8ucHRcL2NzcHJvc3Nhc1wvd3AtY29udGVudFwvdXBsb2Fkc1wvc2l0ZXNcLzE0XC8yMDIyXC8wM1wvMjc0NzE4OTYyXzQxMjMwOTUyMDY1NDA4N18zMjE0OTk4MjgzOTkwNTcyMjlfbi5qcGciLCJzbGlkZXNob3ciOiJhbGwtYWI3MWYxNSJ9\" href=\"https:\/\/upsaobento.pt\/csprossas\/wp-content\/uploads\/sites\/14\/2022\/03\/274718962_412309520654087_321499828399057229_n.jpg\"><img class=\"wgl-gallery_image\" src=\"https:\/\/upsaobento.pt\/csprossas\/wp-content\/uploads\/sites\/14\/2022\/03\/274718962_412309520654087_321499828399057229_n.jpg\" alt=\"\"><\/a><\/div><div class=\"wgl-gallery_item-wrapper\"><a class=\"wgl-gallery_item\" data-elementor-open-lightbox=\"yes\" data-elementor-lightbox-slideshow=\"all-ab71f15\" data-elementor-lightbox-title=\"274661704_5100229936682625_8221103088049407166_n\" e-action-hash=\"#elementor-action%3Aaction%3Dlightbox%26settings%3DeyJpZCI6NjkxNSwidXJsIjoiaHR0cHM6XC9cL3Vwc2FvYmVudG8ucHRcL2NzcHJvc3Nhc1wvd3AtY29udGVudFwvdXBsb2Fkc1wvc2l0ZXNcLzE0XC8yMDIyXC8wM1wvMjc0NjYxNzA0XzUxMDAyMjk5MzY2ODI2MjVfODIyMTEwMzA4ODA0OTQwNzE2Nl9uLmpwZyIsInNsaWRlc2hvdyI6ImFsbC1hYjcxZjE1In0%3D\" href=\"https:\/\/upsaobento.pt\/csprossas\/wp-content\/uploads\/sites\/14\/2022\/03\/274661704_5100229936682625_8221103088049407166_n.jpg\"><img class=\"wgl-gallery_image\" src=\"https:\/\/upsaobento.pt\/csprossas\/wp-content\/uploads\/sites\/14\/2022\/03\/274661704_5100229936682625_8221103088049407166_n.jpg\" alt=\"\"><\/a><\/div><div class=\"wgl-gallery_item-wrapper\"><a class=\"wgl-gallery_item\" data-elementor-open-lightbox=\"yes\" data-elementor-lightbox-slideshow=\"all-ab71f15\" data-elementor-lightbox-title=\"274589098_808574390536261_1860629069987531806_n\" e-action-hash=\"#elementor-action%3Aaction%3Dlightbox%26settings%3DeyJpZCI6NjkxNCwidXJsIjoiaHR0cHM6XC9cL3Vwc2FvYmVudG8ucHRcL2NzcHJvc3Nhc1wvd3AtY29udGVudFwvdXBsb2Fkc1wvc2l0ZXNcLzE0XC8yMDIyXC8wM1wvMjc0NTg5MDk4XzgwODU3NDM5MDUzNjI2MV8xODYwNjI5MDY5OTg3NTMxODA2X24uanBnIiwic2xpZGVzaG93IjoiYWxsLWFiNzFmMTUifQ%3D%3D\" href=\"https:\/\/upsaobento.pt\/csprossas\/wp-content\/uploads\/sites\/14\/2022\/03\/274589098_808574390536261_1860629069987531806_n.jpg\"><img class=\"wgl-gallery_image\" src=\"https:\/\/upsaobento.pt\/csprossas\/wp-content\/uploads\/sites\/14\/2022\/03\/274589098_808574390536261_1860629069987531806_n.jpg\" alt=\"\"><\/a><\/div><div class=\"wgl-gallery_item-wrapper\"><a class=\"wgl-gallery_item\" data-elementor-open-lightbox=\"yes\" data-elementor-lightbox-slideshow=\"all-ab71f15\" data-elementor-lightbox-title=\"235940840_819978261992115_7977156895314101226_n\" e-action-hash=\"#elementor-action%3Aaction%3Dlightbox%26settings%3DeyJpZCI6NjkxMywidXJsIjoiaHR0cHM6XC9cL3Vwc2FvYmVudG8ucHRcL2NzcHJvc3Nhc1wvd3AtY29udGVudFwvdXBsb2Fkc1wvc2l0ZXNcLzE0XC8yMDIyXC8wM1wvMjM1OTQwODQwXzgxOTk3ODI2MTk5MjExNV83OTc3MTU2ODk1MzE0MTAxMjI2X24uanBnIiwic2xpZGVzaG93IjoiYWxsLWFiNzFmMTUifQ%3D%3D\" href=\"https:\/\/upsaobento.pt\/csprossas\/wp-content\/uploads\/sites\/14\/2022\/03\/235940840_819978261992115_7977156895314101226_n.jpg\"><img class=\"wgl-gallery_image\" src=\"https:\/\/upsaobento.pt\/csprossas\/wp-content\/uploads\/sites\/14\/2022\/03\/235940840_819978261992115_7977156895314101226_n.jpg\" alt=\"\"><\/a><\/div><div class=\"wgl-gallery_item-wrapper\"><a class=\"wgl-gallery_item\" data-elementor-open-lightbox=\"yes\" data-elementor-lightbox-slideshow=\"all-ab71f15\" data-elementor-lightbox-title=\"20210406_104917~2\" e-action-hash=\"#elementor-action%3Aaction%3Dlightbox%26settings%3DeyJpZCI6NjkxMiwidXJsIjoiaHR0cHM6XC9cL3Vwc2FvYmVudG8ucHRcL2NzcHJvc3Nhc1wvd3AtY29udGVudFwvdXBsb2Fkc1wvc2l0ZXNcLzE0XC8yMDIyXC8wM1wvMjAyMTA0MDZfMTA0OTE3Mi5qcGciLCJzbGlkZXNob3ciOiJhbGwtYWI3MWYxNSJ9\" href=\"https:\/\/upsaobento.pt\/csprossas\/wp-content\/uploads\/sites\/14\/2022\/03\/20210406_1049172.jpg\"><img class=\"wgl-gallery_image\" src=\"https:\/\/upsaobento.pt\/csprossas\/wp-content\/uploads\/sites\/14\/2022\/03\/20210406_1049172.jpg\" alt=\"\"><\/a><\/div><\/div><\/div>\t\t<\/div>\n\t\t\t\t<\/div>\n\t\t\t\t\t<\/div>\n\t\t<\/div>\n\t\t\t\t\t\t\t<\/div>\n\t\t<\/section>\n\t\t\t\t<section class=\"elementor-section elementor-top-section elementor-element elementor-element-8cd6a2f elementor-section-boxed elementor-section-height-default elementor-section-height-default\" data-id=\"8cd6a2f\" data-element_type=\"section\">\n\t\t\t\t\t\t<div class=\"elementor-container elementor-column-gap-default\">\n\t\t\t\t\t<div class=\"elementor-column elementor-col-100 elementor-top-column elementor-element elementor-element-1a35ef2\" data-id=\"1a35ef2\" data-element_type=\"column\">\n\t\t\t<div class=\"elementor-widget-wrap elementor-element-populated\">\n\t\t\t\t\t\t\t\t<div class=\"elementor-element elementor-element-10891d0 elementor-widget elementor-widget-spacer\" data-id=\"10891d0\" data-element_type=\"widget\" data-widget_type=\"spacer.default\">\n\t\t\t\t<div class=\"elementor-widget-container\">\n\t\t\t\t\t<div class=\"elementor-spacer\">\n\t\t\t<div class=\"elementor-spacer-inner\"><\/div>\n\t\t<\/div>\n\t\t\t\t<\/div>\n\t\t\t\t<\/div>\n\t\t\t\t\t<\/div>\n\t\t<\/div>\n\t\t\t\t\t\t\t<\/div>\n\t\t<\/section>\n\t\t\t\t\t\t\t<\/div>\n\t\t","protected":false},"excerpt":{"rendered":"<p>Centro Social Paroquial Santa Comba de Rossas Atividades e\/ou projetos realizados ou a realizar Desenvolvemos atividades mediante as necessidades dos utentes com vista a contribuir para a estimula\u00e7\u00e3o de um processo de envelhecimento ativo atrav\u00e9s da pr\u00e1tica de jogos did\u00e1cticos, atividades partilhadas de express\u00e3o pl\u00e1stica, din\u00e2micas de grupo, culin\u00e1ria; visitas a lugares de onde s\u00e3o [&hellip;]<\/p>\n","protected":false},"author":2,"featured_media":0,"parent":0,"menu_order":0,"comment_status":"closed","ping_status":"closed","template":"","meta":[],"_links":{"self":[{"href":"https:\/\/upsaobento.pt\/csprossas\/wp-json\/wp\/v2\/pages\/6651"}],"collection":[{"href":"https:\/\/upsaobento.pt\/csprossas\/wp-json\/wp\/v2\/pages"}],"about":[{"href":"https:\/\/upsaobento.pt\/csprossas\/wp-json\/wp\/v2\/types\/page"}],"author":[{"embeddable":true,"href":"https:\/\/upsaobento.pt\/csprossas\/wp-json\/wp\/v2\/users\/2"}],"replies":[{"embeddable":true,"href":"https:\/\/upsaobento.pt\/csprossas\/wp-json\/wp\/v2\/comments?post=6651"}],"version-history":[{"count":11,"href":"https:\/\/upsaobento.pt\/csprossas\/wp-json\/wp\/v2\/pages\/6651\/revisions"}],"predecessor-version":[{"id":6933,"href":"https:\/\/upsaobento.pt\/csprossas\/wp-json\/wp\/v2\/pages\/6651\/revisions\/6933"}],"wp:attachment":[{"href":"https:\/\/upsaobento.pt\/csprossas\/wp-json\/wp\/v2\/media?parent=6651"}],"curies":[{"name":"wp","href":"https:\/\/api.w.org\/{rel}","templated":true}]}}