{"id":231,"date":"2022-03-14T00:38:08","date_gmt":"2022-03-14T00:38:08","guid":{"rendered":"http:\/\/bighearts.wgl-demo.net\/?page_id=231"},"modified":"2022-03-25T17:28:06","modified_gmt":"2022-03-25T17:28:06","slug":"missao","status":"publish","type":"page","link":"https:\/\/upsaobento.pt\/csprebordaos\/missao\/","title":{"rendered":"Miss\u00e3o"},"content":{"rendered":"\t\t<div data-elementor-type=\"wp-page\" data-elementor-id=\"231\" class=\"elementor elementor-231\">\n\t\t\t\t\t\t\t\t\t<section class=\"elementor-section elementor-top-section elementor-element elementor-element-77d2744 elementor-section-boxed elementor-section-height-default elementor-section-height-default\" data-id=\"77d2744\" data-element_type=\"section\">\n\t\t\t\t\t\t<div class=\"elementor-container elementor-column-gap-default\">\n\t\t\t\t\t<div class=\"elementor-column elementor-col-100 elementor-top-column elementor-element elementor-element-9c7794c\" data-id=\"9c7794c\" data-element_type=\"column\">\n\t\t\t<div class=\"elementor-widget-wrap elementor-element-populated\">\n\t\t\t\t\t\t\t\t<div class=\"elementor-element elementor-element-3c921bf aleft elementor-widget elementor-widget-wgl-double-headings\" data-id=\"3c921bf\" data-element_type=\"widget\" data-widget_type=\"wgl-double-headings.default\">\n\t\t\t\t<div class=\"elementor-widget-container\">\n\t\t\t        <div class=\"wgl-double_heading\">                <div class=\"dbl__subtitle\"><span>Centro Social e Paroquial de Nossa Senhora da Assun\u00e7\u00e3o<\/span>                <\/div><h3 class=\"dbl__title-wrapper\"><span class=\"dbl__title dbl-title_1\">Porqu\u00ea Escolher-nos<\/span><\/h3>        <\/div>\t\t<\/div>\n\t\t\t\t<\/div>\n\t\t\t\t<div class=\"elementor-element elementor-element-44b270d elementor-widget elementor-widget-spacer\" data-id=\"44b270d\" data-element_type=\"widget\" data-widget_type=\"spacer.default\">\n\t\t\t\t<div class=\"elementor-widget-container\">\n\t\t\t<style>\/*! elementor - v3.7.8 - 02-10-2022 *\/\n.elementor-column .elementor-spacer-inner{height:var(--spacer-size)}.e-container{--container-widget-width:100%}.e-container>.elementor-widget-spacer{width:var(--container-widget-width,var(--spacer-size));-ms-flex-item-align:stretch;align-self:stretch;-ms-flex-negative:0;flex-shrink:0}.e-container>.elementor-widget-spacer>.elementor-widget-container,.e-container>.elementor-widget-spacer>.elementor-widget-container>.elementor-spacer{height:100%}.e-container>.elementor-widget-spacer>.elementor-widget-container>.elementor-spacer>.elementor-spacer-inner{height:var(--container-widget-height,var(--spacer-size))}<\/style>\t\t<div class=\"elementor-spacer\">\n\t\t\t<div class=\"elementor-spacer-inner\"><\/div>\n\t\t<\/div>\n\t\t\t\t<\/div>\n\t\t\t\t<\/div>\n\t\t\t\t<div class=\"elementor-element elementor-element-60b0c52 elementor-view-stacked aleft elementor-widget-icon-box wgl-icon-box elementor-shape-circle elementor-widget elementor-widget-wgl-info-box\" data-id=\"60b0c52\" data-element_type=\"widget\" data-widget_type=\"wgl-info-box.default\">\n\t\t\t\t<div class=\"elementor-widget-container\">\n\t\t\t<div class=\"wgl-infobox\"><div class=\"wgl-infobox_wrapper wgl-layout-left\"><div class=\"media-wrapper icon-wrapper\"><span class=\"wgl-icon\" ><i class=\"icon elementor-icon flaticon flaticon-startup\" aria-hidden=\"true\"><\/i><\/span><\/div><div class=\"content_wrapper\"><div class=\"wgl-infobox-title_wrapper\"><h3 class=\"wgl-infobox_title\"><span class=\"wgl-infobox_title-idle\">Miss\u00e3o<\/span><\/h3><\/div><div class=\"wgl-infobox_content\"><p>A sua miss\u00e3o visa \u201cproporcionar \u00e0s pessoas idosas qualidade de vida, bem-estar f\u00edsico, mental e emocional, conforto, apoio e integra\u00e7\u00e3o na comunidade bem como \u00e0s outras faixas et\u00e1rias\u201d.<\/p><\/div><\/div><\/div><\/div>\t\t<\/div>\n\t\t\t\t<\/div>\n\t\t\t\t<div class=\"elementor-element elementor-element-445c7ac elementor-widget elementor-widget-spacer\" data-id=\"445c7ac\" data-element_type=\"widget\" data-widget_type=\"spacer.default\">\n\t\t\t\t<div class=\"elementor-widget-container\">\n\t\t\t\t\t<div class=\"elementor-spacer\">\n\t\t\t<div class=\"elementor-spacer-inner\"><\/div>\n\t\t<\/div>\n\t\t\t\t<\/div>\n\t\t\t\t<\/div>\n\t\t\t\t<div class=\"elementor-element elementor-element-a3749d0 elementor-view-stacked aleft elementor-widget-icon-box wgl-icon-box elementor-shape-circle elementor-widget elementor-widget-wgl-info-box\" data-id=\"a3749d0\" data-element_type=\"widget\" data-widget_type=\"wgl-info-box.default\">\n\t\t\t\t<div class=\"elementor-widget-container\">\n\t\t\t<div class=\"wgl-infobox\"><div class=\"wgl-infobox_wrapper wgl-layout-left\"><div class=\"media-wrapper icon-wrapper\"><span class=\"wgl-icon\" ><i class=\"icon elementor-icon flaticon flaticon-idea\" aria-hidden=\"true\"><\/i><\/span><\/div><div class=\"content_wrapper\"><div class=\"wgl-infobox-title_wrapper\"><h3 class=\"wgl-infobox_title\"><span class=\"wgl-infobox_title-idle\">Vis\u00e3o<\/span><\/h3><\/div><div class=\"wgl-infobox_content\"><p><span>Pretende satisfazer as necessidades b\u00e1sicas e espec\u00edficas de cada cliente, disponibilizando um vasto conjunto de servi\u00e7os prestados no seu domic\u00edlio, contribuindo assim, para a promo\u00e7\u00e3o da sua autonomia, autoestima e a preven\u00e7\u00e3o de situa\u00e7\u00f5es de depend\u00eancia ou de agravamento, assim, proporciona aos idosos e familiares um bem-estar f\u00edsico, ps\u00edquico e social.<\/span><\/p><\/div><\/div><\/div><\/div>\t\t<\/div>\n\t\t\t\t<\/div>\n\t\t\t\t<div class=\"elementor-element elementor-element-ba5276b elementor-widget elementor-widget-spacer\" data-id=\"ba5276b\" data-element_type=\"widget\" data-widget_type=\"spacer.default\">\n\t\t\t\t<div class=\"elementor-widget-container\">\n\t\t\t\t\t<div class=\"elementor-spacer\">\n\t\t\t<div class=\"elementor-spacer-inner\"><\/div>\n\t\t<\/div>\n\t\t\t\t<\/div>\n\t\t\t\t<\/div>\n\t\t\t\t<div class=\"elementor-element elementor-element-d142f99 elementor-view-stacked aleft elementor-widget-icon-box wgl-icon-box elementor-shape-circle elementor-widget elementor-widget-wgl-info-box\" data-id=\"d142f99\" data-element_type=\"widget\" data-widget_type=\"wgl-info-box.default\">\n\t\t\t\t<div class=\"elementor-widget-container\">\n\t\t\t<div class=\"wgl-infobox\"><div class=\"wgl-infobox_wrapper wgl-layout-left\"><div class=\"media-wrapper icon-wrapper\"><span class=\"wgl-icon\" ><i class=\"icon elementor-icon flaticon flaticon-like-1\" aria-hidden=\"true\"><\/i><\/span><\/div><div class=\"content_wrapper\"><div class=\"wgl-infobox-title_wrapper\"><h3 class=\"wgl-infobox_title\"><span class=\"wgl-infobox_title-idle\">Valores<\/span><\/h3><\/div><div class=\"wgl-infobox_content\"><ul><li>Proximidade;<\/li><li>Bondade;<\/li><li>\u00c9tica;<\/li><li>Respeito pelo ser Humano;<\/li><li>Confidencialidade;<\/li><li>Solidariedade.<\/li><\/ul><\/div><\/div><\/div><\/div>\t\t<\/div>\n\t\t\t\t<\/div>\n\t\t\t\t<div class=\"elementor-element elementor-element-57877c7 elementor-widget elementor-widget-spacer\" data-id=\"57877c7\" data-element_type=\"widget\" data-widget_type=\"spacer.default\">\n\t\t\t\t<div class=\"elementor-widget-container\">\n\t\t\t\t\t<div class=\"elementor-spacer\">\n\t\t\t<div class=\"elementor-spacer-inner\"><\/div>\n\t\t<\/div>\n\t\t\t\t<\/div>\n\t\t\t\t<\/div>\n\t\t\t\t<div class=\"elementor-element elementor-element-3780791 elementor-widget elementor-widget-spacer\" data-id=\"3780791\" data-element_type=\"widget\" data-widget_type=\"spacer.default\">\n\t\t\t\t<div class=\"elementor-widget-container\">\n\t\t\t\t\t<div class=\"elementor-spacer\">\n\t\t\t<div class=\"elementor-spacer-inner\"><\/div>\n\t\t<\/div>\n\t\t\t\t<\/div>\n\t\t\t\t<\/div>\n\t\t\t\t\t<\/div>\n\t\t<\/div>\n\t\t\t\t\t\t\t<\/div>\n\t\t<\/section>\n\t\t\t\t\t\t\t<\/div>\n\t\t","protected":false},"excerpt":{"rendered":"<p>Centro Social e Paroquial de Nossa Senhora da Assun\u00e7\u00e3o Porqu\u00ea Escolher-nos Miss\u00e3o A sua miss\u00e3o visa \u201cproporcionar \u00e0s pessoas idosas qualidade de vida, bem-estar f\u00edsico, mental e emocional, conforto, apoio e integra\u00e7\u00e3o na comunidade bem como \u00e0s outras faixas et\u00e1rias\u201d. Vis\u00e3o Pretende satisfazer as necessidades b\u00e1sicas e espec\u00edficas de cada cliente, disponibilizando um vasto conjunto [&hellip;]<\/p>\n","protected":false},"author":2,"featured_media":0,"parent":0,"menu_order":0,"comment_status":"closed","ping_status":"closed","template":"","meta":[],"_links":{"self":[{"href":"https:\/\/upsaobento.pt\/csprebordaos\/wp-json\/wp\/v2\/pages\/231"}],"collection":[{"href":"https:\/\/upsaobento.pt\/csprebordaos\/wp-json\/wp\/v2\/pages"}],"about":[{"href":"https:\/\/upsaobento.pt\/csprebordaos\/wp-json\/wp\/v2\/types\/page"}],"author":[{"embeddable":true,"href":"https:\/\/upsaobento.pt\/csprebordaos\/wp-json\/wp\/v2\/users\/2"}],"replies":[{"embeddable":true,"href":"https:\/\/upsaobento.pt\/csprebordaos\/wp-json\/wp\/v2\/comments?post=231"}],"version-history":[{"count":14,"href":"https:\/\/upsaobento.pt\/csprebordaos\/wp-json\/wp\/v2\/pages\/231\/revisions"}],"predecessor-version":[{"id":6949,"href":"https:\/\/upsaobento.pt\/csprebordaos\/wp-json\/wp\/v2\/pages\/231\/revisions\/6949"}],"wp:attachment":[{"href":"https:\/\/upsaobento.pt\/csprebordaos\/wp-json\/wp\/v2\/media?parent=231"}],"curies":[{"name":"wp","href":"https:\/\/api.w.org\/{rel}","templated":true}]}}