{"id":231,"date":"2022-03-14T00:38:08","date_gmt":"2022-03-14T00:38:08","guid":{"rendered":"http:\/\/bighearts.wgl-demo.net\/?page_id=231"},"modified":"2022-03-24T10:56:10","modified_gmt":"2022-03-24T10:56:10","slug":"missao","status":"publish","type":"page","link":"https:\/\/upsaobento.pt\/cspquintela\/missao\/","title":{"rendered":"Miss\u00e3o"},"content":{"rendered":"\t\t<div data-elementor-type=\"wp-page\" data-elementor-id=\"231\" class=\"elementor elementor-231\">\n\t\t\t\t\t\t\t\t\t<section class=\"elementor-section elementor-top-section elementor-element elementor-element-58bfc62 elementor-section-boxed elementor-section-height-default elementor-section-height-default\" data-id=\"58bfc62\" data-element_type=\"section\" data-settings=\"{&quot;background_background&quot;:&quot;classic&quot;}\">\n\t\t\t\t\t\t<div class=\"elementor-container elementor-column-gap-default\">\n\t\t\t\t\t<div class=\"elementor-column elementor-col-33 elementor-top-column elementor-element elementor-element-b6dbc1f\" data-id=\"b6dbc1f\" data-element_type=\"column\">\n\t\t\t<div class=\"elementor-widget-wrap elementor-element-populated\">\n\t\t\t\t\t\t\t\t<div class=\"elementor-element elementor-element-5fb7536 acenter elementor-widget-image-box wgl-image-box elementor-widget elementor-widget-wgl-info-box\" data-id=\"5fb7536\" data-element_type=\"widget\" data-widget_type=\"wgl-info-box.default\">\n\t\t\t\t<div class=\"elementor-widget-container\">\n\t\t\t<div class=\"wgl-infobox\"><div class=\"wgl-infobox_wrapper wgl-layout-top\"><div class=\"media-wrapper img-wrapper\"><figure class=\"wgl-image-box_img\"><span ><img width=\"66\" height=\"62\" src=\"https:\/\/upsaobento.pt\/cspquintela\/wp-content\/uploads\/sites\/8\/2020\/11\/home-7_icon-06.png\" class=\"attachment-full size-full\" alt=\"\" loading=\"lazy\" \/><\/span><\/figure><\/div><div class=\"content_wrapper\"><div class=\"wgl-infobox-title_wrapper\"><h3 class=\"wgl-infobox_title\"><span class=\"wgl-infobox_title-idle\">Miss\u00e3o<\/span><\/h3><\/div><div class=\"wgl-infobox_content\"><p>Promo\u00e7\u00e3o com esp\u00edrito crist\u00e3o da qualidade de vida do idoso, na perman\u00eancia em sua casa.<\/p><\/div><\/div><\/div><\/div>\t\t<\/div>\n\t\t\t\t<\/div>\n\t\t\t\t\t<\/div>\n\t\t<\/div>\n\t\t\t\t<div class=\"elementor-column elementor-col-33 elementor-top-column elementor-element elementor-element-d73d467\" data-id=\"d73d467\" data-element_type=\"column\">\n\t\t\t<div class=\"elementor-widget-wrap elementor-element-populated\">\n\t\t\t\t\t\t\t\t<div class=\"elementor-element elementor-element-52a4e1b acenter elementor-widget-image-box wgl-image-box elementor-widget elementor-widget-wgl-info-box\" data-id=\"52a4e1b\" data-element_type=\"widget\" data-widget_type=\"wgl-info-box.default\">\n\t\t\t\t<div class=\"elementor-widget-container\">\n\t\t\t<div class=\"wgl-infobox\"><div class=\"wgl-infobox_wrapper wgl-layout-top\"><div class=\"media-wrapper img-wrapper\"><figure class=\"wgl-image-box_img\"><span ><img width=\"64\" height=\"62\" src=\"https:\/\/upsaobento.pt\/cspquintela\/wp-content\/uploads\/sites\/8\/2020\/11\/home-7_icon-02.png\" class=\"attachment-full size-full\" alt=\"\" loading=\"lazy\" \/><\/span><\/figure><\/div><div class=\"content_wrapper\"><div class=\"wgl-infobox-title_wrapper\"><h3 class=\"wgl-infobox_title\"><span class=\"wgl-infobox_title-idle\">Vis\u00e3o<\/span><\/h3><\/div><div class=\"wgl-infobox_content\"><p>Intencionamos, como Institui\u00e7\u00e3o crist\u00e3, criar respostas sociais que retardem a institucionaliza\u00e7\u00e3o dos utentes.<\/p><p>Presta\u00e7\u00e3o de servi\u00e7os qualificados e humanizados, tendo como objetivo a satisfa\u00e7\u00e3o continua dos utentes, fam\u00edlia e comunidade.<\/p><\/div><\/div><\/div><\/div>\t\t<\/div>\n\t\t\t\t<\/div>\n\t\t\t\t\t<\/div>\n\t\t<\/div>\n\t\t\t\t<div class=\"elementor-column elementor-col-33 elementor-top-column elementor-element elementor-element-4ffc2d9\" data-id=\"4ffc2d9\" data-element_type=\"column\">\n\t\t\t<div class=\"elementor-widget-wrap elementor-element-populated\">\n\t\t\t\t\t\t\t\t<div class=\"elementor-element elementor-element-456e58b acenter elementor-widget-image-box wgl-image-box elementor-widget elementor-widget-wgl-info-box\" data-id=\"456e58b\" data-element_type=\"widget\" data-widget_type=\"wgl-info-box.default\">\n\t\t\t\t<div class=\"elementor-widget-container\">\n\t\t\t<div class=\"wgl-infobox\"><div class=\"wgl-infobox_wrapper wgl-layout-top\"><div class=\"media-wrapper img-wrapper\"><figure class=\"wgl-image-box_img\"><span ><img width=\"64\" height=\"62\" src=\"https:\/\/upsaobento.pt\/cspquintela\/wp-content\/uploads\/sites\/8\/2022\/03\/home11-i4-1-1.png\" class=\"attachment-full size-full\" alt=\"\" loading=\"lazy\" \/><\/span><\/figure><\/div><div class=\"content_wrapper\"><div class=\"wgl-infobox-title_wrapper\"><h3 class=\"wgl-infobox_title\"><span class=\"wgl-infobox_title-idle\">Valores<\/span><\/h3><\/div><div class=\"wgl-infobox_content\"><p>Solidariedade, Respeito, Justi\u00e7a e Caridade<\/p><\/div><\/div><\/div><\/div>\t\t<\/div>\n\t\t\t\t<\/div>\n\t\t\t\t\t<\/div>\n\t\t<\/div>\n\t\t\t\t\t\t\t<\/div>\n\t\t<\/section>\n\t\t\t\t\t\t\t<\/div>\n\t\t","protected":false},"excerpt":{"rendered":"<p>Miss\u00e3o Promo\u00e7\u00e3o com esp\u00edrito crist\u00e3o da qualidade de vida do idoso, na perman\u00eancia em sua casa. Vis\u00e3o Intencionamos, como Institui\u00e7\u00e3o crist\u00e3, criar respostas sociais que retardem a institucionaliza\u00e7\u00e3o dos utentes. Presta\u00e7\u00e3o de servi\u00e7os qualificados e humanizados, tendo como objetivo a satisfa\u00e7\u00e3o continua dos utentes, fam\u00edlia e comunidade. Valores Solidariedade, Respeito, Justi\u00e7a e Caridade<\/p>\n","protected":false},"author":2,"featured_media":0,"parent":0,"menu_order":0,"comment_status":"closed","ping_status":"closed","template":"","meta":[],"_links":{"self":[{"href":"https:\/\/upsaobento.pt\/cspquintela\/wp-json\/wp\/v2\/pages\/231"}],"collection":[{"href":"https:\/\/upsaobento.pt\/cspquintela\/wp-json\/wp\/v2\/pages"}],"about":[{"href":"https:\/\/upsaobento.pt\/cspquintela\/wp-json\/wp\/v2\/types\/page"}],"author":[{"embeddable":true,"href":"https:\/\/upsaobento.pt\/cspquintela\/wp-json\/wp\/v2\/users\/2"}],"replies":[{"embeddable":true,"href":"https:\/\/upsaobento.pt\/cspquintela\/wp-json\/wp\/v2\/comments?post=231"}],"version-history":[{"count":18,"href":"https:\/\/upsaobento.pt\/cspquintela\/wp-json\/wp\/v2\/pages\/231\/revisions"}],"predecessor-version":[{"id":6923,"href":"https:\/\/upsaobento.pt\/cspquintela\/wp-json\/wp\/v2\/pages\/231\/revisions\/6923"}],"wp:attachment":[{"href":"https:\/\/upsaobento.pt\/cspquintela\/wp-json\/wp\/v2\/media?parent=231"}],"curies":[{"name":"wp","href":"https:\/\/api.w.org\/{rel}","templated":true}]}}