{"id":231,"date":"2022-03-14T00:38:08","date_gmt":"2022-03-14T00:38:08","guid":{"rendered":"http:\/\/bighearts.wgl-demo.net\/?page_id=231"},"modified":"2022-03-24T16:01:47","modified_gmt":"2022-03-24T16:01:47","slug":"missao","status":"publish","type":"page","link":"https:\/\/upsaobento.pt\/cspcelas\/missao\/","title":{"rendered":"Miss\u00e3o"},"content":{"rendered":"\t\t<div data-elementor-type=\"wp-page\" data-elementor-id=\"231\" class=\"elementor elementor-231\">\n\t\t\t\t\t\t\t\t\t<section class=\"elementor-section elementor-top-section elementor-element elementor-element-b977f8a elementor-section-boxed elementor-section-height-default elementor-section-height-default\" data-id=\"b977f8a\" data-element_type=\"section\">\n\t\t\t\t\t\t<div class=\"elementor-container elementor-column-gap-default\">\n\t\t\t\t\t<div class=\"elementor-column elementor-col-50 elementor-top-column elementor-element elementor-element-89e02e4\" data-id=\"89e02e4\" data-element_type=\"column\">\n\t\t\t<div class=\"elementor-widget-wrap elementor-element-populated\">\n\t\t\t\t\t\t\t\t<div class=\"elementor-element elementor-element-55db2ac elementor-widget elementor-widget-image\" data-id=\"55db2ac\" data-element_type=\"widget\" data-widget_type=\"image.default\">\n\t\t\t\t<div class=\"elementor-widget-container\">\n\t\t\t<style>\/*! elementor - v3.7.8 - 02-10-2022 *\/\n.elementor-widget-image{text-align:center}.elementor-widget-image a{display:inline-block}.elementor-widget-image a img[src$=\".svg\"]{width:48px}.elementor-widget-image img{vertical-align:middle;display:inline-block}<\/style>\t\t\t\t\t\t\t\t\t\t\t\t<img width=\"960\" height=\"720\" src=\"https:\/\/upsaobento.pt\/cspcelas\/wp-content\/uploads\/sites\/5\/2022\/03\/67674373_887005608348800_7266283056430841856_n.jpg\" class=\"attachment-full size-full\" alt=\"\" loading=\"lazy\" srcset=\"https:\/\/upsaobento.pt\/cspcelas\/wp-content\/uploads\/sites\/5\/2022\/03\/67674373_887005608348800_7266283056430841856_n.jpg 960w, https:\/\/upsaobento.pt\/cspcelas\/wp-content\/uploads\/sites\/5\/2022\/03\/67674373_887005608348800_7266283056430841856_n-300x225.jpg 300w, https:\/\/upsaobento.pt\/cspcelas\/wp-content\/uploads\/sites\/5\/2022\/03\/67674373_887005608348800_7266283056430841856_n-768x576.jpg 768w\" sizes=\"(max-width: 960px) 100vw, 960px\" \/>\t\t\t\t\t\t\t\t\t\t\t\t\t\t\t<\/div>\n\t\t\t\t<\/div>\n\t\t\t\t\t<\/div>\n\t\t<\/div>\n\t\t\t\t<div class=\"elementor-column elementor-col-50 elementor-top-column elementor-element elementor-element-5b812b0\" data-id=\"5b812b0\" data-element_type=\"column\">\n\t\t\t<div class=\"elementor-widget-wrap elementor-element-populated\">\n\t\t\t\t\t\t\t\t<div class=\"elementor-element elementor-element-e38bf9d elementor-widget elementor-widget-spacer\" data-id=\"e38bf9d\" data-element_type=\"widget\" data-widget_type=\"spacer.default\">\n\t\t\t\t<div class=\"elementor-widget-container\">\n\t\t\t<style>\/*! elementor - v3.7.8 - 02-10-2022 *\/\n.elementor-column .elementor-spacer-inner{height:var(--spacer-size)}.e-container{--container-widget-width:100%}.e-container>.elementor-widget-spacer{width:var(--container-widget-width,var(--spacer-size));-ms-flex-item-align:stretch;align-self:stretch;-ms-flex-negative:0;flex-shrink:0}.e-container>.elementor-widget-spacer>.elementor-widget-container,.e-container>.elementor-widget-spacer>.elementor-widget-container>.elementor-spacer{height:100%}.e-container>.elementor-widget-spacer>.elementor-widget-container>.elementor-spacer>.elementor-spacer-inner{height:var(--container-widget-height,var(--spacer-size))}<\/style>\t\t<div class=\"elementor-spacer\">\n\t\t\t<div class=\"elementor-spacer-inner\"><\/div>\n\t\t<\/div>\n\t\t\t\t<\/div>\n\t\t\t\t<\/div>\n\t\t\t\t<section class=\"elementor-section elementor-inner-section elementor-element elementor-element-298b752 elementor-section-boxed elementor-section-height-default elementor-section-height-default\" data-id=\"298b752\" data-element_type=\"section\">\n\t\t\t\t\t\t<div class=\"elementor-container elementor-column-gap-default\">\n\t\t\t\t\t<div class=\"elementor-column elementor-col-100 elementor-inner-column elementor-element elementor-element-40403f1\" data-id=\"40403f1\" data-element_type=\"column\" data-settings=\"{&quot;background_background&quot;:&quot;classic&quot;}\">\n\t\t\t<div class=\"elementor-widget-wrap elementor-element-populated\">\n\t\t\t\t\t\t\t\t<div class=\"elementor-element elementor-element-631fffd elementor-widget__width-initial aleft elementor-widget elementor-widget-wgl-double-headings\" data-id=\"631fffd\" data-element_type=\"widget\" data-widget_type=\"wgl-double-headings.default\">\n\t\t\t\t<div class=\"elementor-widget-container\">\n\t\t\t        <div class=\"wgl-double_heading\">                <div class=\"dbl__subtitle\"><span>Centro Social Paroquial de S\u00e3o Gen\u00e9sio - Celas<\/span>                <\/div><h5 class=\"dbl__title-wrapper\"><span class=\"dbl__title dbl-title_1\">Sobre N\u00f3s<\/span><\/h5>        <\/div>\t\t<\/div>\n\t\t\t\t<\/div>\n\t\t\t\t<div class=\"elementor-element elementor-element-1fa64ae elementor-widget elementor-widget-text-editor\" data-id=\"1fa64ae\" data-element_type=\"widget\" data-widget_type=\"text-editor.default\">\n\t\t\t\t<div class=\"elementor-widget-container\">\n\t\t\t<style>\/*! elementor - v3.7.8 - 02-10-2022 *\/\n.elementor-widget-text-editor.elementor-drop-cap-view-stacked .elementor-drop-cap{background-color:#818a91;color:#fff}.elementor-widget-text-editor.elementor-drop-cap-view-framed .elementor-drop-cap{color:#818a91;border:3px solid;background-color:transparent}.elementor-widget-text-editor:not(.elementor-drop-cap-view-default) .elementor-drop-cap{margin-top:8px}.elementor-widget-text-editor:not(.elementor-drop-cap-view-default) .elementor-drop-cap-letter{width:1em;height:1em}.elementor-widget-text-editor .elementor-drop-cap{float:left;text-align:center;line-height:1;font-size:50px}.elementor-widget-text-editor .elementor-drop-cap-letter{display:inline-block}<\/style>\t\t\t\t<p>O<span>\u00a0<\/span><strong>Centro Social e Paroquial de S\u00e3o Gen\u00e9sio de Celas<\/strong>, na freguesia de Celas, \u00e9 uma Institui\u00e7\u00e3o Particular de Solidariedade Social (IPSS) com capacidade para 25 utentes na val\u00eancia de Servi\u00e7o de Apoio Domicili\u00e1rio. Este apoio \u00e9 prestado \u00e0s pessoas residentes ou naturais da freguesia e\/ou dos arredores, num raio de 30 quil\u00f3metros.<\/p><p>Esta \u00e9 uma Institui\u00e7\u00e3o Particular de Solidariedade Social aberta a todos os n\u00edveis sociais e que presta um servi\u00e7o a toda a comunidade. Os nossos servi\u00e7os est\u00e3o dispon\u00edveis para apoiar\/ajudar o cliente 7 dias por semana.<\/p><p>Esta Institui\u00e7\u00e3o pretende ser mais um contributo para fortalecer os la\u00e7os e v\u00ednculos de amizade, de solidariedade e de confian\u00e7a na constru\u00e7\u00e3o de uma comunidade aberta e comprometida na viv\u00eancia da cidadania ativa.<\/p>\t\t\t\t\t\t<\/div>\n\t\t\t\t<\/div>\n\t\t\t\t\t<\/div>\n\t\t<\/div>\n\t\t\t\t\t\t\t<\/div>\n\t\t<\/section>\n\t\t\t\t\t<\/div>\n\t\t<\/div>\n\t\t\t\t\t\t\t<\/div>\n\t\t<\/section>\n\t\t\t\t<section class=\"elementor-section elementor-top-section elementor-element elementor-element-9696813 elementor-section-boxed elementor-section-height-default elementor-section-height-default\" data-id=\"9696813\" data-element_type=\"section\">\n\t\t\t\t\t\t<div class=\"elementor-container elementor-column-gap-default\">\n\t\t\t\t\t<div class=\"elementor-column elementor-col-100 elementor-top-column elementor-element elementor-element-d61bc8c\" data-id=\"d61bc8c\" data-element_type=\"column\">\n\t\t\t<div class=\"elementor-widget-wrap elementor-element-populated\">\n\t\t\t\t\t\t\t\t<div class=\"elementor-element elementor-element-d26a532 elementor-widget elementor-widget-spacer\" data-id=\"d26a532\" data-element_type=\"widget\" data-widget_type=\"spacer.default\">\n\t\t\t\t<div class=\"elementor-widget-container\">\n\t\t\t\t\t<div class=\"elementor-spacer\">\n\t\t\t<div class=\"elementor-spacer-inner\"><\/div>\n\t\t<\/div>\n\t\t\t\t<\/div>\n\t\t\t\t<\/div>\n\t\t\t\t\t<\/div>\n\t\t<\/div>\n\t\t\t\t\t\t\t<\/div>\n\t\t<\/section>\n\t\t\t\t<section class=\"elementor-section elementor-top-section elementor-element elementor-element-e1e412e elementor-section-boxed elementor-section-height-default elementor-section-height-default\" data-id=\"e1e412e\" data-element_type=\"section\">\n\t\t\t\t\t\t<div class=\"elementor-container elementor-column-gap-default\">\n\t\t\t\t\t<div class=\"elementor-column elementor-col-100 elementor-top-column elementor-element elementor-element-dec0a8b\" data-id=\"dec0a8b\" data-element_type=\"column\">\n\t\t\t<div class=\"elementor-widget-wrap elementor-element-populated\">\n\t\t\t\t\t\t\t\t<div class=\"elementor-element elementor-element-ba90fbd aleft elementor-widget elementor-widget-wgl-double-headings\" data-id=\"ba90fbd\" data-element_type=\"widget\" data-widget_type=\"wgl-double-headings.default\">\n\t\t\t\t<div class=\"elementor-widget-container\">\n\t\t\t        <div class=\"wgl-double_heading\">                <div class=\"dbl__subtitle\"><span>Miss\u00e3o<\/span>                <\/div>        <\/div>\t\t<\/div>\n\t\t\t\t<\/div>\n\t\t\t\t\t<\/div>\n\t\t<\/div>\n\t\t\t\t\t\t\t<\/div>\n\t\t<\/section>\n\t\t\t\t<section class=\"elementor-section elementor-top-section elementor-element elementor-element-537e224 elementor-section-boxed elementor-section-height-default elementor-section-height-default\" data-id=\"537e224\" data-element_type=\"section\">\n\t\t\t\t\t\t<div class=\"elementor-container elementor-column-gap-default\">\n\t\t\t\t\t<div class=\"elementor-column elementor-col-100 elementor-top-column elementor-element elementor-element-00badd8\" data-id=\"00badd8\" data-element_type=\"column\">\n\t\t\t<div class=\"elementor-widget-wrap elementor-element-populated\">\n\t\t\t\t\t\t\t\t<div class=\"elementor-element elementor-element-26e67ce elementor-widget elementor-widget-text-editor\" data-id=\"26e67ce\" data-element_type=\"widget\" data-widget_type=\"text-editor.default\">\n\t\t\t\t<div class=\"elementor-widget-container\">\n\t\t\t\t\t\t\t<p>Proporcionar aos idosos bem-estar f\u00edsico e emocional, contribuindo assim para a melhoria da qualidade de vida, de forma a se sentirem integrados na comunidade.<\/p>\t\t\t\t\t\t<\/div>\n\t\t\t\t<\/div>\n\t\t\t\t\t<\/div>\n\t\t<\/div>\n\t\t\t\t\t\t\t<\/div>\n\t\t<\/section>\n\t\t\t\t<section class=\"elementor-section elementor-top-section elementor-element elementor-element-889eacd elementor-section-boxed elementor-section-height-default elementor-section-height-default\" data-id=\"889eacd\" data-element_type=\"section\">\n\t\t\t\t\t\t<div class=\"elementor-container elementor-column-gap-default\">\n\t\t\t\t\t<div class=\"elementor-column elementor-col-100 elementor-top-column elementor-element elementor-element-a56c53c\" data-id=\"a56c53c\" data-element_type=\"column\">\n\t\t\t<div class=\"elementor-widget-wrap elementor-element-populated\">\n\t\t\t\t\t\t\t\t<div class=\"elementor-element elementor-element-b98f432 elementor-widget elementor-widget-spacer\" data-id=\"b98f432\" data-element_type=\"widget\" data-widget_type=\"spacer.default\">\n\t\t\t\t<div class=\"elementor-widget-container\">\n\t\t\t\t\t<div class=\"elementor-spacer\">\n\t\t\t<div class=\"elementor-spacer-inner\"><\/div>\n\t\t<\/div>\n\t\t\t\t<\/div>\n\t\t\t\t<\/div>\n\t\t\t\t\t<\/div>\n\t\t<\/div>\n\t\t\t\t\t\t\t<\/div>\n\t\t<\/section>\n\t\t\t\t<section class=\"elementor-section elementor-top-section elementor-element elementor-element-8b04fe6 elementor-section-boxed elementor-section-height-default elementor-section-height-default\" data-id=\"8b04fe6\" data-element_type=\"section\">\n\t\t\t\t\t\t<div class=\"elementor-container elementor-column-gap-default\">\n\t\t\t\t\t<div class=\"elementor-column elementor-col-100 elementor-top-column elementor-element elementor-element-3b149b6\" data-id=\"3b149b6\" data-element_type=\"column\">\n\t\t\t<div class=\"elementor-widget-wrap elementor-element-populated\">\n\t\t\t\t\t\t\t\t<div class=\"elementor-element elementor-element-692f2fb aleft elementor-widget elementor-widget-wgl-double-headings\" data-id=\"692f2fb\" data-element_type=\"widget\" data-widget_type=\"wgl-double-headings.default\">\n\t\t\t\t<div class=\"elementor-widget-container\">\n\t\t\t        <div class=\"wgl-double_heading\">                <div class=\"dbl__subtitle\"><span>Vis\u00e3o<\/span>                <\/div>        <\/div>\t\t<\/div>\n\t\t\t\t<\/div>\n\t\t\t\t\t<\/div>\n\t\t<\/div>\n\t\t\t\t\t\t\t<\/div>\n\t\t<\/section>\n\t\t\t\t<section class=\"elementor-section elementor-top-section elementor-element elementor-element-c8e17c9 elementor-section-boxed elementor-section-height-default elementor-section-height-default\" data-id=\"c8e17c9\" data-element_type=\"section\">\n\t\t\t\t\t\t<div class=\"elementor-container elementor-column-gap-default\">\n\t\t\t\t\t<div class=\"elementor-column elementor-col-100 elementor-top-column elementor-element elementor-element-dac73df\" data-id=\"dac73df\" data-element_type=\"column\">\n\t\t\t<div class=\"elementor-widget-wrap elementor-element-populated\">\n\t\t\t\t\t\t\t\t<div class=\"elementor-element elementor-element-f60ebdc elementor-widget elementor-widget-text-editor\" data-id=\"f60ebdc\" data-element_type=\"widget\" data-widget_type=\"text-editor.default\">\n\t\t\t\t<div class=\"elementor-widget-container\">\n\t\t\t\t\t\t\t<p>O Centro Social e Paroquial de S\u00e3o Gen\u00e9sio de Celas tem como <strong><em>Vis\u00e3o<\/em><\/strong>, ser uma institui\u00e7\u00e3o modelo, de reconhecimento a n\u00edvel do concelho de Vinhais, prestadora de servi\u00e7os e cuidados humanos na promo\u00e7\u00e3o da qualidade de vida dos seus utentes.<\/p>\t\t\t\t\t\t<\/div>\n\t\t\t\t<\/div>\n\t\t\t\t\t<\/div>\n\t\t<\/div>\n\t\t\t\t\t\t\t<\/div>\n\t\t<\/section>\n\t\t\t\t<section class=\"elementor-section elementor-top-section elementor-element elementor-element-ee1a750 elementor-section-boxed elementor-section-height-default elementor-section-height-default\" data-id=\"ee1a750\" data-element_type=\"section\">\n\t\t\t\t\t\t<div class=\"elementor-container elementor-column-gap-default\">\n\t\t\t\t\t<div class=\"elementor-column elementor-col-100 elementor-top-column elementor-element elementor-element-b58fd9f\" data-id=\"b58fd9f\" data-element_type=\"column\">\n\t\t\t<div class=\"elementor-widget-wrap elementor-element-populated\">\n\t\t\t\t\t\t\t\t<div class=\"elementor-element elementor-element-cbe00d2 elementor-widget elementor-widget-spacer\" data-id=\"cbe00d2\" data-element_type=\"widget\" data-widget_type=\"spacer.default\">\n\t\t\t\t<div class=\"elementor-widget-container\">\n\t\t\t\t\t<div class=\"elementor-spacer\">\n\t\t\t<div class=\"elementor-spacer-inner\"><\/div>\n\t\t<\/div>\n\t\t\t\t<\/div>\n\t\t\t\t<\/div>\n\t\t\t\t\t<\/div>\n\t\t<\/div>\n\t\t\t\t\t\t\t<\/div>\n\t\t<\/section>\n\t\t\t\t<section class=\"elementor-section elementor-top-section elementor-element elementor-element-b482658 elementor-section-boxed elementor-section-height-default elementor-section-height-default\" data-id=\"b482658\" data-element_type=\"section\">\n\t\t\t\t\t\t<div class=\"elementor-container elementor-column-gap-default\">\n\t\t\t\t\t<div class=\"elementor-column elementor-col-100 elementor-top-column elementor-element elementor-element-8d5bfb7\" data-id=\"8d5bfb7\" data-element_type=\"column\">\n\t\t\t<div class=\"elementor-widget-wrap elementor-element-populated\">\n\t\t\t\t\t\t\t\t<div class=\"elementor-element elementor-element-484454e aleft elementor-widget elementor-widget-wgl-double-headings\" data-id=\"484454e\" data-element_type=\"widget\" data-widget_type=\"wgl-double-headings.default\">\n\t\t\t\t<div class=\"elementor-widget-container\">\n\t\t\t        <div class=\"wgl-double_heading\">                <div class=\"dbl__subtitle\"><span>Valores<\/span>                <\/div>        <\/div>\t\t<\/div>\n\t\t\t\t<\/div>\n\t\t\t\t\t<\/div>\n\t\t<\/div>\n\t\t\t\t\t\t\t<\/div>\n\t\t<\/section>\n\t\t\t\t<section class=\"elementor-section elementor-top-section elementor-element elementor-element-5ad5907 elementor-section-boxed elementor-section-height-default elementor-section-height-default\" data-id=\"5ad5907\" data-element_type=\"section\">\n\t\t\t\t\t\t<div class=\"elementor-container elementor-column-gap-default\">\n\t\t\t\t\t<div class=\"elementor-column elementor-col-100 elementor-top-column elementor-element elementor-element-f429750\" data-id=\"f429750\" data-element_type=\"column\">\n\t\t\t<div class=\"elementor-widget-wrap elementor-element-populated\">\n\t\t\t\t\t\t\t\t<div class=\"elementor-element elementor-element-c968fac elementor-widget elementor-widget-text-editor\" data-id=\"c968fac\" data-element_type=\"widget\" data-widget_type=\"text-editor.default\">\n\t\t\t\t<div class=\"elementor-widget-container\">\n\t\t\t\t\t\t\t<p>O Centro pretende ser mais um contributo para fortalecer os la\u00e7os de amizade, de solidariedade, integra\u00e7\u00e3o social e de confian\u00e7a na constru\u00e7\u00e3o de uma comunidade aberta e comprometida na viv\u00eancia da cidadania ativa.<\/p><p>Os valores chave que guiam a institui\u00e7\u00e3o:<\/p><ul><li>Hospitalidade<\/li><li>Proximidade<\/li><li>Bondade<\/li><li>\u00c9tica<\/li><li>Respeito pelo Ser Humano<\/li><li>Confidencialidade<\/li><li>Solidariedade<\/li><\/ul>\t\t\t\t\t\t<\/div>\n\t\t\t\t<\/div>\n\t\t\t\t\t<\/div>\n\t\t<\/div>\n\t\t\t\t\t\t\t<\/div>\n\t\t<\/section>\n\t\t\t\t\t\t\t<\/div>\n\t\t","protected":false},"excerpt":{"rendered":"<p>Centro Social Paroquial de S\u00e3o Gen\u00e9sio &#8211; Celas Sobre N\u00f3s O\u00a0Centro Social e Paroquial de S\u00e3o Gen\u00e9sio de Celas, na freguesia de Celas, \u00e9 uma Institui\u00e7\u00e3o Particular de Solidariedade Social (IPSS) com capacidade para 25 utentes na val\u00eancia de Servi\u00e7o de Apoio Domicili\u00e1rio. Este apoio \u00e9 prestado \u00e0s pessoas residentes ou naturais da freguesia e\/ou [&hellip;]<\/p>\n","protected":false},"author":2,"featured_media":0,"parent":0,"menu_order":0,"comment_status":"closed","ping_status":"closed","template":"","meta":[],"_links":{"self":[{"href":"https:\/\/upsaobento.pt\/cspcelas\/wp-json\/wp\/v2\/pages\/231"}],"collection":[{"href":"https:\/\/upsaobento.pt\/cspcelas\/wp-json\/wp\/v2\/pages"}],"about":[{"href":"https:\/\/upsaobento.pt\/cspcelas\/wp-json\/wp\/v2\/types\/page"}],"author":[{"embeddable":true,"href":"https:\/\/upsaobento.pt\/cspcelas\/wp-json\/wp\/v2\/users\/2"}],"replies":[{"embeddable":true,"href":"https:\/\/upsaobento.pt\/cspcelas\/wp-json\/wp\/v2\/comments?post=231"}],"version-history":[{"count":10,"href":"https:\/\/upsaobento.pt\/cspcelas\/wp-json\/wp\/v2\/pages\/231\/revisions"}],"predecessor-version":[{"id":6874,"href":"https:\/\/upsaobento.pt\/cspcelas\/wp-json\/wp\/v2\/pages\/231\/revisions\/6874"}],"wp:attachment":[{"href":"https:\/\/upsaobento.pt\/cspcelas\/wp-json\/wp\/v2\/media?parent=231"}],"curies":[{"name":"wp","href":"https:\/\/api.w.org\/{rel}","templated":true}]}}