{"id":231,"date":"2022-03-14T00:38:08","date_gmt":"2022-03-14T00:38:08","guid":{"rendered":"http:\/\/bighearts.wgl-demo.net\/?page_id=231"},"modified":"2022-03-17T17:58:39","modified_gmt":"2022-03-17T17:58:39","slug":"missao","status":"publish","type":"page","link":"https:\/\/upsaobento.pt\/cspbacal\/missao\/","title":{"rendered":"Miss\u00e3o"},"content":{"rendered":"\t\t<div data-elementor-type=\"wp-page\" data-elementor-id=\"231\" class=\"elementor elementor-231\">\n\t\t\t\t\t\t\t\t\t<section class=\"elementor-section elementor-top-section elementor-element elementor-element-4807611 elementor-section-boxed elementor-section-height-default elementor-section-height-default\" data-id=\"4807611\" data-element_type=\"section\" data-settings=\"{&quot;background_background&quot;:&quot;classic&quot;}\">\n\t\t\t\t\t\t<div class=\"elementor-container elementor-column-gap-default\">\n\t\t\t\t\t<div class=\"elementor-column elementor-col-33 elementor-top-column elementor-element elementor-element-96ae5ad\" data-id=\"96ae5ad\" data-element_type=\"column\">\n\t\t\t<div class=\"elementor-widget-wrap elementor-element-populated\">\n\t\t\t\t\t\t\t\t<div class=\"elementor-element elementor-element-ce40914 acenter elementor-widget-image-box wgl-image-box elementor-widget elementor-widget-wgl-info-box\" data-id=\"ce40914\" data-element_type=\"widget\" data-widget_type=\"wgl-info-box.default\">\n\t\t\t\t<div class=\"elementor-widget-container\">\n\t\t\t<div class=\"wgl-infobox\"><div class=\"wgl-infobox_wrapper wgl-layout-top\"><div class=\"media-wrapper img-wrapper\"><figure class=\"wgl-image-box_img\"><span ><img width=\"95\" height=\"96\" src=\"https:\/\/upsaobento.pt\/cspbacal\/wp-content\/uploads\/sites\/23\/2022\/03\/icon-box_missao.png\" class=\"attachment-full size-full\" alt=\"\" loading=\"lazy\" \/><\/span><\/figure><\/div><div class=\"content_wrapper\"><div class=\"wgl-infobox-title_wrapper\"><h3 class=\"wgl-infobox_title\"><span class=\"wgl-infobox_title-idle\">Miss\u00e3o<\/span><\/h3><\/div><div class=\"wgl-infobox_content\"><p>O Centro Social Paroquial de Ba\u00e7al tem como principal miss\u00e3o contribuir para a promo\u00e7\u00e3o integral dos clientes tendo em conta a sua vertente biopsicossocial, coadjuvando os servi\u00e7os p\u00fablicos competentes ou institui\u00e7\u00f5es particulares num esp\u00edrito de solidariedade humana, crist\u00e3 e social, garantindo a presta\u00e7\u00e3o de cuidados b\u00e1sicos e de sa\u00fade, demonstrando respeito pela sua dignidade, concedendo-lhe o direito \u00e0 independ\u00eancia e privacidade, atrav\u00e9s de um servi\u00e7o de apoio social que se distinga pela qualidade.<\/p><\/div><\/div><\/div><\/div>\t\t<\/div>\n\t\t\t\t<\/div>\n\t\t\t\t\t<\/div>\n\t\t<\/div>\n\t\t\t\t<div class=\"elementor-column elementor-col-33 elementor-top-column elementor-element elementor-element-2746baf\" data-id=\"2746baf\" data-element_type=\"column\">\n\t\t\t<div class=\"elementor-widget-wrap elementor-element-populated\">\n\t\t\t\t\t\t\t\t<div class=\"elementor-element elementor-element-041811d acenter elementor-widget-image-box wgl-image-box elementor-widget elementor-widget-wgl-info-box\" data-id=\"041811d\" data-element_type=\"widget\" data-widget_type=\"wgl-info-box.default\">\n\t\t\t\t<div class=\"elementor-widget-container\">\n\t\t\t<div class=\"wgl-infobox\"><div class=\"wgl-infobox_wrapper wgl-layout-top\"><div class=\"media-wrapper img-wrapper\"><figure class=\"wgl-image-box_img\"><span ><img width=\"95\" height=\"96\" src=\"https:\/\/upsaobento.pt\/cspbacal\/wp-content\/uploads\/sites\/23\/2022\/03\/icon-box_visao.png\" class=\"attachment-full size-full\" alt=\"\" loading=\"lazy\" \/><\/span><\/figure><\/div><div class=\"content_wrapper\"><div class=\"wgl-infobox-title_wrapper\"><h3 class=\"wgl-infobox_title\"><span class=\"wgl-infobox_title-idle\">Vis\u00e3o<\/span><\/h3><\/div><div class=\"wgl-infobox_content\"><p>Como vis\u00e3o o Centro Social Paroquial de Ba\u00e7al assume a pretens\u00e3o em ser uma institui\u00e7\u00e3o de refer\u00eancia, reconhecida como uma organiza\u00e7\u00e3o direcionada \u00e0 presta\u00e7\u00e3o de cuidados e \u00e0 maximiza\u00e7\u00e3o das potencialidades dos seus clientes e da comunidade, tendo em conta a sua abordagem biopsicossocial.<\/p><\/div><\/div><\/div><\/div>\t\t<\/div>\n\t\t\t\t<\/div>\n\t\t\t\t\t<\/div>\n\t\t<\/div>\n\t\t\t\t<div class=\"elementor-column elementor-col-33 elementor-top-column elementor-element elementor-element-fd8ec9b\" data-id=\"fd8ec9b\" data-element_type=\"column\">\n\t\t\t<div class=\"elementor-widget-wrap elementor-element-populated\">\n\t\t\t\t\t\t\t\t<div class=\"elementor-element elementor-element-b4d0a49 acenter elementor-widget-image-box wgl-image-box elementor-widget elementor-widget-wgl-info-box\" data-id=\"b4d0a49\" data-element_type=\"widget\" data-widget_type=\"wgl-info-box.default\">\n\t\t\t\t<div class=\"elementor-widget-container\">\n\t\t\t<div class=\"wgl-infobox\"><div class=\"wgl-infobox_wrapper wgl-layout-top\"><div class=\"media-wrapper img-wrapper\"><figure class=\"wgl-image-box_img\"><span ><img width=\"95\" height=\"96\" src=\"https:\/\/upsaobento.pt\/cspbacal\/wp-content\/uploads\/sites\/23\/2022\/03\/icon-box_valores.png\" class=\"attachment-full size-full\" alt=\"\" loading=\"lazy\" \/><\/span><\/figure><\/div><div class=\"content_wrapper\"><div class=\"wgl-infobox-title_wrapper\"><h3 class=\"wgl-infobox_title\"><span class=\"wgl-infobox_title-idle\">Valores<\/span><\/h3><\/div><div class=\"wgl-infobox_content\"><p>Para o Centro Social Paroquial de Ba\u00e7al os valores subdividem-se fundamentalmente em dois tipos, os valores morais e os valores organizacionais.<\/p><p>Quanto aos valores morais estes assentam na solidariedade, na uni\u00e3o e na empatia. Somos respons\u00e1veis pelo que fazemos no nosso dia-a-dia; unidos como fam\u00edlia; tomamos o lugar do outro, conseguindo assim visualizar os anseios e satisfazer as necessidades dos nossos clientes.<\/p><p>No que reporta aos valores organizacionais temos sempre presente a criatividade, criando estrat\u00e9gia para ultrapassar as adversidades, gerindo impulsos que podem criar um mundo diferente, melhor e mais produtivo. O valor de coopera\u00e7\u00e3o salienta a forma de encetar esfor\u00e7os e pensamentos positivos para conseguirmos avan\u00e7ar para o futuro.<\/p><\/div><\/div><\/div><\/div>\t\t<\/div>\n\t\t\t\t<\/div>\n\t\t\t\t\t<\/div>\n\t\t<\/div>\n\t\t\t\t\t\t\t<\/div>\n\t\t<\/section>\n\t\t\t\t\t\t\t<\/div>\n\t\t","protected":false},"excerpt":{"rendered":"<p>Miss\u00e3o O Centro Social Paroquial de Ba\u00e7al tem como principal miss\u00e3o contribuir para a promo\u00e7\u00e3o integral dos clientes tendo em conta a sua vertente biopsicossocial, coadjuvando os servi\u00e7os p\u00fablicos competentes ou institui\u00e7\u00f5es particulares num esp\u00edrito de solidariedade humana, crist\u00e3 e social, garantindo a presta\u00e7\u00e3o de cuidados b\u00e1sicos e de sa\u00fade, demonstrando respeito pela sua dignidade, [&hellip;]<\/p>\n","protected":false},"author":2,"featured_media":0,"parent":0,"menu_order":0,"comment_status":"closed","ping_status":"closed","template":"","meta":[],"_links":{"self":[{"href":"https:\/\/upsaobento.pt\/cspbacal\/wp-json\/wp\/v2\/pages\/231"}],"collection":[{"href":"https:\/\/upsaobento.pt\/cspbacal\/wp-json\/wp\/v2\/pages"}],"about":[{"href":"https:\/\/upsaobento.pt\/cspbacal\/wp-json\/wp\/v2\/types\/page"}],"author":[{"embeddable":true,"href":"https:\/\/upsaobento.pt\/cspbacal\/wp-json\/wp\/v2\/users\/2"}],"replies":[{"embeddable":true,"href":"https:\/\/upsaobento.pt\/cspbacal\/wp-json\/wp\/v2\/comments?post=231"}],"version-history":[{"count":21,"href":"https:\/\/upsaobento.pt\/cspbacal\/wp-json\/wp\/v2\/pages\/231\/revisions"}],"predecessor-version":[{"id":6938,"href":"https:\/\/upsaobento.pt\/cspbacal\/wp-json\/wp\/v2\/pages\/231\/revisions\/6938"}],"wp:attachment":[{"href":"https:\/\/upsaobento.pt\/cspbacal\/wp-json\/wp\/v2\/media?parent=231"}],"curies":[{"name":"wp","href":"https:\/\/api.w.org\/{rel}","templated":true}]}}